{"id":2862,"date":"2024-06-26T18:02:44","date_gmt":"2024-06-26T16:02:44","guid":{"rendered":"https:\/\/campingtauro.com\/restaurant\/"},"modified":"2025-05-21T11:29:19","modified_gmt":"2025-05-21T09:29:19","slug":"restaurant","status":"publish","type":"page","link":"https:\/\/campingtauro.com\/vl\/restaurant\/","title":{"rendered":"Restaurant"},"content":{"rendered":"\t\t<div data-elementor-type=\"wp-page\" data-elementor-id=\"2862\" class=\"elementor elementor-2862 elementor-46\" data-elementor-post-type=\"page\">\n\t\t\t\t<div class=\"elementor-element elementor-element-4433fbe e-con-full e-flex e-con e-parent\" data-id=\"4433fbe\" data-element_type=\"container\">\n\t\t\t\t<div class=\"elementor-element elementor-element-ccec1d2 elementor--h-position-left elementor--v-position-middle elementor-arrows-position-inside elementor-pagination-position-inside elementor-widget elementor-widget-slides\" data-id=\"ccec1d2\" data-element_type=\"widget\" data-settings=\"{&quot;navigation&quot;:&quot;both&quot;,&quot;autoplay&quot;:&quot;yes&quot;,&quot;pause_on_hover&quot;:&quot;yes&quot;,&quot;pause_on_interaction&quot;:&quot;yes&quot;,&quot;autoplay_speed&quot;:5000,&quot;infinite&quot;:&quot;yes&quot;,&quot;transition&quot;:&quot;slide&quot;,&quot;transition_speed&quot;:500}\" data-widget_type=\"slides.default\">\n\t\t\t\t<div class=\"elementor-widget-container\">\n\t\t\t<style>\/*! elementor-pro - v3.18.0 - 17-01-2024 *\/\n.elementor-slides .swiper-slide-bg{background-size:cover;background-position:50%;background-repeat:no-repeat;min-width:100%;min-height:100%}.elementor-slides .swiper-slide-inner{background-repeat:no-repeat;background-position:50%;position:absolute;top:0;left:0;bottom:0;right:0;padding:50px;margin:auto}.elementor-slides .swiper-slide-inner,.elementor-slides .swiper-slide-inner:hover{color:#fff;display:flex}.elementor-slides .swiper-slide-inner .elementor-background-overlay{position:absolute;z-index:0;top:0;bottom:0;left:0;right:0}.elementor-slides .swiper-slide-inner .elementor-slide-content{position:relative;z-index:1;width:100%}.elementor-slides .swiper-slide-inner .elementor-slide-heading{font-size:35px;font-weight:700;line-height:1}.elementor-slides .swiper-slide-inner .elementor-slide-description{font-size:17px;line-height:1.4}.elementor-slides .swiper-slide-inner .elementor-slide-description:not(:last-child),.elementor-slides .swiper-slide-inner .elementor-slide-heading:not(:last-child){margin-bottom:30px}.elementor-slides .swiper-slide-inner .elementor-slide-button{border:2px solid #fff;color:#fff;background:transparent;display:inline-block}.elementor-slides .swiper-slide-inner .elementor-slide-button,.elementor-slides .swiper-slide-inner .elementor-slide-button:hover{background:transparent;color:inherit;text-decoration:none}.elementor--v-position-top .swiper-slide-inner{align-items:flex-start}.elementor--v-position-bottom .swiper-slide-inner{align-items:flex-end}.elementor--v-position-middle .swiper-slide-inner{align-items:center}.elementor--h-position-left .swiper-slide-inner{justify-content:flex-start}.elementor--h-position-right .swiper-slide-inner{justify-content:flex-end}.elementor--h-position-center .swiper-slide-inner{justify-content:center}body.rtl .elementor-widget-slides .elementor-swiper-button-next{left:10px;right:auto}body.rtl .elementor-widget-slides .elementor-swiper-button-prev{right:10px;left:auto}.elementor-slides-wrapper div:not(.swiper-slide)>.swiper-slide-inner{display:none}@media (max-width:767px){.elementor-slides .swiper-slide-inner{padding:30px}.elementor-slides .swiper-slide-inner .elementor-slide-heading{font-size:23px;line-height:1;margin-bottom:15px}.elementor-slides .swiper-slide-inner .elementor-slide-description{font-size:13px;line-height:1.4;margin-bottom:15px}}<\/style>\t\t<div class=\"elementor-swiper\">\n\t\t\t<div class=\"elementor-slides-wrapper elementor-main-swiper swiper\" dir=\"ltr\" data-animation=\"fadeInUp\">\n\t\t\t\t<div class=\"swiper-wrapper elementor-slides\">\n\t\t\t\t\t\t\t\t\t\t<div class=\"elementor-repeater-item-0632166 swiper-slide\"><div class=\"swiper-slide-bg\" role=\"img\"><\/div><div class=\"elementor-background-overlay\"><\/div><div class=\"swiper-slide-inner\" ><div class=\"swiper-slide-contents\"><div class=\"elementor-slide-heading\">RESTAURANT<\/div><\/div><\/div><\/div>\t\t\t\t<\/div>\n\t\t\t\t\t\t\t<\/div>\n\t\t<\/div>\n\t\t\t\t<\/div>\n\t\t\t\t<\/div>\n\t\t\t\t<\/div>\n\t\t<div class=\"elementor-element elementor-element-53daacc e-flex e-con-boxed e-con e-parent\" data-id=\"53daacc\" data-element_type=\"container\">\n\t\t\t\t\t<div class=\"e-con-inner\">\n\t\t<div class=\"elementor-element elementor-element-17ada22 e-con-full e-flex e-con e-child\" data-id=\"17ada22\" data-element_type=\"container\">\n\t\t\t\t<div class=\"elementor-element elementor-element-c5928b0 elementor-widget elementor-widget-heading\" data-id=\"c5928b0\" data-element_type=\"widget\" data-widget_type=\"heading.default\">\n\t\t\t\t<div class=\"elementor-widget-container\">\n\t\t\t<style>\/*! elementor - v3.22.0 - 26-06-2024 *\/\n.elementor-heading-title{padding:0;margin:0;line-height:1}.elementor-widget-heading .elementor-heading-title[class*=elementor-size-]>a{color:inherit;font-size:inherit;line-height:inherit}.elementor-widget-heading .elementor-heading-title.elementor-size-small{font-size:15px}.elementor-widget-heading .elementor-heading-title.elementor-size-medium{font-size:19px}.elementor-widget-heading .elementor-heading-title.elementor-size-large{font-size:29px}.elementor-widget-heading .elementor-heading-title.elementor-size-xl{font-size:39px}.elementor-widget-heading .elementor-heading-title.elementor-size-xxl{font-size:59px}<\/style><h2 class=\"elementor-heading-title elementor-size-default\">La nostra \"Terrasseta\" s'uneix al segell \"el m\u00e9s exquisit del Mediterrani\"<\/h2>\t\t<\/div>\n\t\t\t\t<\/div>\n\t\t\t\t<div class=\"elementor-element elementor-element-10d02d8 elementor-widget elementor-widget-text-editor\" data-id=\"10d02d8\" data-element_type=\"widget\" data-widget_type=\"text-editor.default\">\n\t\t\t\t<div class=\"elementor-widget-container\">\n\t\t\t<style>\/*! elementor - v3.22.0 - 26-06-2024 *\/\n.elementor-widget-text-editor.elementor-drop-cap-view-stacked .elementor-drop-cap{background-color:#69727d;color:#fff}.elementor-widget-text-editor.elementor-drop-cap-view-framed .elementor-drop-cap{color:#69727d;border:3px solid;background-color:transparent}.elementor-widget-text-editor:not(.elementor-drop-cap-view-default) .elementor-drop-cap{margin-top:8px}.elementor-widget-text-editor:not(.elementor-drop-cap-view-default) .elementor-drop-cap-letter{width:1em;height:1em}.elementor-widget-text-editor .elementor-drop-cap{float:left;text-align:center;line-height:1;font-size:50px}.elementor-widget-text-editor .elementor-drop-cap-letter{display:inline-block}<\/style>\t\t\t\t<p>El nostre Restaurant <strong>La Terrasseta<\/strong> forma part de la xarxa<strong> L\u2019Exquisit Mediterrani<\/strong>; una iniciativa de turisme gastron\u00f2mic de la Comunitat Valenciana. Estem molt contents de compartir amb vosaltres aquest segell distintiu, que reconeix l&#8217;aposta pel producte de proximitat, la posada en valor de la gastronomia local i la promoci\u00f3 de la nostra cultura gastron\u00f2mica.<\/p>\n\t\t\t\t\t\t<\/div>\n\t\t\t\t<\/div>\n\t\t\t\t<\/div>\n\t\t\t\t\t<\/div>\n\t\t\t\t<\/div>\n\t\t<div class=\"elementor-element elementor-element-f42b8ad e-flex e-con-boxed elementor-invisible e-con e-parent\" data-id=\"f42b8ad\" data-element_type=\"container\" data-settings=\"{&quot;background_background&quot;:&quot;classic&quot;,&quot;animation&quot;:&quot;fadeInUp&quot;}\">\n\t\t\t\t\t<div class=\"e-con-inner\">\n\t\t<div class=\"elementor-element elementor-element-34f721b e-con-full e-flex e-con e-child\" data-id=\"34f721b\" data-element_type=\"container\" data-settings=\"{&quot;background_background&quot;:&quot;classic&quot;}\">\n\t\t\t\t<div class=\"elementor-element elementor-element-0a87fef elementor-widget elementor-widget-image\" data-id=\"0a87fef\" data-element_type=\"widget\" data-widget_type=\"image.default\">\n\t\t\t\t<div class=\"elementor-widget-container\">\n\t\t\t<style>\/*! elementor - v3.22.0 - 26-06-2024 *\/\n.elementor-widget-image{text-align:center}.elementor-widget-image a{display:inline-block}.elementor-widget-image a img[src$=\".svg\"]{width:48px}.elementor-widget-image img{vertical-align:middle;display:inline-block}<\/style>\t\t\t\t\t\t\t\t\t\t<img fetchpriority=\"high\" decoding=\"async\" width=\"1920\" height=\"1280\" src=\"https:\/\/campingtauro.com\/wp-content\/uploads\/2024\/11\/DSC_0074.jpg\" class=\"attachment-full size-full wp-image-2864\" alt=\"\" srcset=\"https:\/\/campingtauro.com\/wp-content\/uploads\/2024\/11\/DSC_0074.jpg 1920w, https:\/\/campingtauro.com\/wp-content\/uploads\/2024\/11\/DSC_0074-300x200.jpg 300w, https:\/\/campingtauro.com\/wp-content\/uploads\/2024\/11\/DSC_0074-1024x683.jpg 1024w, https:\/\/campingtauro.com\/wp-content\/uploads\/2024\/11\/DSC_0074-768x512.jpg 768w, https:\/\/campingtauro.com\/wp-content\/uploads\/2024\/11\/DSC_0074-1536x1024.jpg 1536w\" sizes=\"(max-width: 1920px) 100vw, 1920px\" \/>\t\t\t\t\t\t\t\t\t\t\t\t\t<\/div>\n\t\t\t\t<\/div>\n\t\t\t\t<\/div>\n\t\t<div class=\"elementor-element elementor-element-6ec6e07 e-con-full e-flex e-con e-child\" data-id=\"6ec6e07\" data-element_type=\"container\">\n\t\t\t\t<div class=\"elementor-element elementor-element-9f835c9 elementor-widget elementor-widget-heading\" data-id=\"9f835c9\" data-element_type=\"widget\" data-widget_type=\"heading.default\">\n\t\t\t\t<div class=\"elementor-widget-container\">\n\t\t\t<h2 class=\"elementor-heading-title elementor-size-default\">Qu\u00e8 \u00e9s L'Exquisit Mediterrani?<\/h2>\t\t<\/div>\n\t\t\t\t<\/div>\n\t\t\t\t<div class=\"elementor-element elementor-element-84a3dce elementor-widget elementor-widget-text-editor\" data-id=\"84a3dce\" data-element_type=\"widget\" data-widget_type=\"text-editor.default\">\n\t\t\t\t<div class=\"elementor-widget-container\">\n\t\t\t\t\t\t\t<p>La marca &#8220;Comunitat Valenciana \u2013 L&#8217;Exquisit Mediterrani&#8221; \u00e9s l&#8217;element central que representa els valors de la nostra gastronomia d&#8217;excel\u00b7l\u00e8ncia: el m\u00e9s exquisit del Mediterrani. Sobre ella pivoten els missatges i accions promocionals d&#8217;experi\u00e8ncies tur\u00edstiques vinculades a la nostra gastronomia valenciana, amb par\u00e0metres de qualitat i autenticitat.<\/p>\n<p>Cal recordar que la Comunitat Valenciana compta amb una cultura gastron\u00f2mica de gran valor. Receptes tan internacionals com els arrossos o la paella, productes agroalimentaris diversos i d&#8217;alta qualitat, un sector hostaler consolidat i, en els \u00faltims anys, un nombre important de cuiners i cuineres, l\u00edders d&#8217;un moviment gastron\u00f2mic al qual aporten creativitat i excel\u00b7l\u00e8ncia.<\/p>\n<p>La gastronomia pr\u00f2pia valenciana est\u00e0 reconeguda com a recurs tur\u00edstic de primer ordre. Un atractiu tur\u00edstic que refor\u00e7a l&#8217;ess\u00e8ncia i els valors de l&#8217;estil de vida que ens identifica com a destinaci\u00f3 mediterr\u00e0nia: hospitalari i saludable. A m\u00e9s de ser el reflex d&#8217;una Dieta Mediterr\u00e0nia declarada per la UNESCO Patrimoni Immaterial de la Humanitat.<\/p>\n\t\t\t\t\t\t<\/div>\n\t\t\t\t<\/div>\n\t\t\t\t<\/div>\n\t\t\t\t\t<\/div>\n\t\t\t\t<\/div>\n\t\t\t\t<\/div>\n\t\t","protected":false},"excerpt":{"rendered":"<p>RESTAURANTE Nuestra \u201cTerracita\u201d se une al sello \u201clo m\u00e1s exquisito del Mediterr\u00e1neo\u201d Nuestro Restaurante\u00a0La Terracita,\u00a0 forma parte de la red\u00a0L\u2019Exquisit [&hellip;]<\/p>\n","protected":false},"author":1,"featured_media":0,"parent":0,"menu_order":0,"comment_status":"closed","ping_status":"closed","template":"","meta":{"site-sidebar-layout":"no-sidebar","site-content-layout":"","ast-site-content-layout":"full-width-container","site-content-style":"default","site-sidebar-style":"default","ast-global-header-display":"","ast-banner-title-visibility":"","ast-main-header-display":"","ast-hfb-above-header-display":"","ast-hfb-below-header-display":"","ast-hfb-mobile-header-display":"","site-post-title":"disabled","ast-breadcrumbs-content":"","ast-featured-img":"disabled","footer-sml-layout":"","theme-transparent-header-meta":"default","adv-header-id-meta":"","stick-header-meta":"","header-above-stick-meta":"","header-main-stick-meta":"","header-below-stick-meta":"","astra-migrate-meta-layouts":"default","ast-page-background-enabled":"default","ast-page-background-meta":{"desktop":{"background-color":"var(--ast-global-color-4)","background-image":"","background-repeat":"repeat","background-position":"center center","background-size":"auto","background-attachment":"scroll","background-type":"","background-media":"","overlay-type":"","overlay-color":"","overlay-opacity":"","overlay-gradient":""},"tablet":{"background-color":"","background-image":"","background-repeat":"repeat","background-position":"center center","background-size":"auto","background-attachment":"scroll","background-type":"","background-media":"","overlay-type":"","overlay-color":"","overlay-opacity":"","overlay-gradient":""},"mobile":{"background-color":"","background-image":"","background-repeat":"repeat","background-position":"center center","background-size":"auto","background-attachment":"scroll","background-type":"","background-media":"","overlay-type":"","overlay-color":"","overlay-opacity":"","overlay-gradient":""}},"ast-content-background-meta":{"desktop":{"background-color":"var(--ast-global-color-5)","background-image":"","background-repeat":"repeat","background-position":"center center","background-size":"auto","background-attachment":"scroll","background-type":"","background-media":"","overlay-type":"","overlay-color":"","overlay-opacity":"","overlay-gradient":""},"tablet":{"background-color":"var(--ast-global-color-5)","background-image":"","background-repeat":"repeat","background-position":"center center","background-size":"auto","background-attachment":"scroll","background-type":"","background-media":"","overlay-type":"","overlay-color":"","overlay-opacity":"","overlay-gradient":""},"mobile":{"background-color":"var(--ast-global-color-5)","background-image":"","background-repeat":"repeat","background-position":"center center","background-size":"auto","background-attachment":"scroll","background-type":"","background-media":"","overlay-type":"","overlay-color":"","overlay-opacity":"","overlay-gradient":""}},"_joinchat":[],"footnotes":""},"yoast_head":"<!-- This site is optimized with the Yoast SEO plugin v22.9 - https:\/\/yoast.com\/wordpress\/plugins\/seo\/ -->\n<title>Restaurant - Camping Tauro<\/title>\n<meta name=\"robots\" content=\"index, follow, max-snippet:-1, max-image-preview:large, max-video-preview:-1\" \/>\n<link rel=\"canonical\" href=\"https:\/\/campingtauro.com\/vl\/restaurant\/\" \/>\n<meta property=\"og:locale\" content=\"en_US\" \/>\n<meta property=\"og:type\" content=\"article\" \/>\n<meta property=\"og:title\" content=\"Restaurant - Camping Tauro\" \/>\n<meta property=\"og:description\" content=\"RESTAURANTE Nuestra \u201cTerracita\u201d se une al sello \u201clo m\u00e1s exquisito del Mediterr\u00e1neo\u201d Nuestro Restaurante\u00a0La Terracita,\u00a0 forma parte de la red\u00a0L\u2019Exquisit [&hellip;]\" \/>\n<meta property=\"og:url\" content=\"https:\/\/campingtauro.com\/vl\/restaurant\/\" \/>\n<meta property=\"og:site_name\" content=\"Camping Tauro\" \/>\n<meta property=\"article:modified_time\" content=\"2025-05-21T09:29:19+00:00\" \/>\n<meta property=\"og:image\" content=\"https:\/\/campingtauro.com\/wp-content\/uploads\/2024\/11\/DSC_0074.jpg\" \/>\n<meta name=\"twitter:card\" content=\"summary_large_image\" \/>\n<meta name=\"twitter:label1\" content=\"Est. reading time\" \/>\n\t<meta name=\"twitter:data1\" content=\"1 minute\" \/>\n<script type=\"application\/ld+json\" class=\"yoast-schema-graph\">{\"@context\":\"https:\/\/schema.org\",\"@graph\":[{\"@type\":\"WebPage\",\"@id\":\"https:\/\/campingtauro.com\/vl\/restaurant\/\",\"url\":\"https:\/\/campingtauro.com\/vl\/restaurant\/\",\"name\":\"Restaurant - Camping Tauro\",\"isPartOf\":{\"@id\":\"https:\/\/campingtauro.com\/#website\"},\"primaryImageOfPage\":{\"@id\":\"https:\/\/campingtauro.com\/vl\/restaurant\/#primaryimage\"},\"image\":{\"@id\":\"https:\/\/campingtauro.com\/vl\/restaurant\/#primaryimage\"},\"thumbnailUrl\":\"https:\/\/campingtauro.com\/wp-content\/uploads\/2024\/11\/DSC_0074.jpg\",\"datePublished\":\"2024-06-26T16:02:44+00:00\",\"dateModified\":\"2025-05-21T09:29:19+00:00\",\"breadcrumb\":{\"@id\":\"https:\/\/campingtauro.com\/vl\/restaurant\/#breadcrumb\"},\"inLanguage\":\"vl-VL\",\"potentialAction\":[{\"@type\":\"ReadAction\",\"target\":[\"https:\/\/campingtauro.com\/vl\/restaurant\/\"]}]},{\"@type\":\"ImageObject\",\"inLanguage\":\"vl-VL\",\"@id\":\"https:\/\/campingtauro.com\/vl\/restaurant\/#primaryimage\",\"url\":\"https:\/\/campingtauro.com\/wp-content\/uploads\/2024\/11\/DSC_0074.jpg\",\"contentUrl\":\"https:\/\/campingtauro.com\/wp-content\/uploads\/2024\/11\/DSC_0074.jpg\"},{\"@type\":\"BreadcrumbList\",\"@id\":\"https:\/\/campingtauro.com\/vl\/restaurant\/#breadcrumb\",\"itemListElement\":[{\"@type\":\"ListItem\",\"position\":1,\"name\":\"Portada\",\"item\":\"https:\/\/campingtauro.com\/vl\/inici\/\"},{\"@type\":\"ListItem\",\"position\":2,\"name\":\"Restaurant\"}]},{\"@type\":\"WebSite\",\"@id\":\"https:\/\/campingtauro.com\/#website\",\"url\":\"https:\/\/campingtauro.com\/\",\"name\":\"Camping Tauro\",\"description\":\"Alquiler de parcelas y bungalows en Benic\u00e0ssim\",\"publisher\":{\"@id\":\"https:\/\/campingtauro.com\/#organization\"},\"potentialAction\":[{\"@type\":\"SearchAction\",\"target\":{\"@type\":\"EntryPoint\",\"urlTemplate\":\"https:\/\/campingtauro.com\/?s={search_term_string}\"},\"query-input\":\"required name=search_term_string\"}],\"inLanguage\":\"vl-VL\"},{\"@type\":\"Organization\",\"@id\":\"https:\/\/campingtauro.com\/#organization\",\"name\":\"Camping Tauro\",\"url\":\"https:\/\/campingtauro.com\/\",\"logo\":{\"@type\":\"ImageObject\",\"inLanguage\":\"vl-VL\",\"@id\":\"https:\/\/campingtauro.com\/#\/schema\/logo\/image\/\",\"url\":\"https:\/\/campingtauro.com\/wp-content\/uploads\/2024\/11\/cropped-Logo-camping-tauro.png\",\"contentUrl\":\"https:\/\/campingtauro.com\/wp-content\/uploads\/2024\/11\/cropped-Logo-camping-tauro.png\",\"width\":350,\"height\":101,\"caption\":\"Camping Tauro\"},\"image\":{\"@id\":\"https:\/\/campingtauro.com\/#\/schema\/logo\/image\/\"}}]}<\/script>\n<!-- \/ Yoast SEO plugin. -->","yoast_head_json":{"title":"Restaurant - Camping Tauro","robots":{"index":"index","follow":"follow","max-snippet":"max-snippet:-1","max-image-preview":"max-image-preview:large","max-video-preview":"max-video-preview:-1"},"canonical":"https:\/\/campingtauro.com\/vl\/restaurant\/","og_locale":"en_US","og_type":"article","og_title":"Restaurant - Camping Tauro","og_description":"RESTAURANTE Nuestra \u201cTerracita\u201d se une al sello \u201clo m\u00e1s exquisito del Mediterr\u00e1neo\u201d Nuestro Restaurante\u00a0La Terracita,\u00a0 forma parte de la red\u00a0L\u2019Exquisit [&hellip;]","og_url":"https:\/\/campingtauro.com\/vl\/restaurant\/","og_site_name":"Camping Tauro","article_modified_time":"2025-05-21T09:29:19+00:00","og_image":[{"url":"https:\/\/campingtauro.com\/wp-content\/uploads\/2024\/11\/DSC_0074.jpg"}],"twitter_card":"summary_large_image","twitter_misc":{"Est. reading time":"1 minute"},"schema":{"@context":"https:\/\/schema.org","@graph":[{"@type":"WebPage","@id":"https:\/\/campingtauro.com\/vl\/restaurant\/","url":"https:\/\/campingtauro.com\/vl\/restaurant\/","name":"Restaurant - Camping Tauro","isPartOf":{"@id":"https:\/\/campingtauro.com\/#website"},"primaryImageOfPage":{"@id":"https:\/\/campingtauro.com\/vl\/restaurant\/#primaryimage"},"image":{"@id":"https:\/\/campingtauro.com\/vl\/restaurant\/#primaryimage"},"thumbnailUrl":"https:\/\/campingtauro.com\/wp-content\/uploads\/2024\/11\/DSC_0074.jpg","datePublished":"2024-06-26T16:02:44+00:00","dateModified":"2025-05-21T09:29:19+00:00","breadcrumb":{"@id":"https:\/\/campingtauro.com\/vl\/restaurant\/#breadcrumb"},"inLanguage":"vl-VL","potentialAction":[{"@type":"ReadAction","target":["https:\/\/campingtauro.com\/vl\/restaurant\/"]}]},{"@type":"ImageObject","inLanguage":"vl-VL","@id":"https:\/\/campingtauro.com\/vl\/restaurant\/#primaryimage","url":"https:\/\/campingtauro.com\/wp-content\/uploads\/2024\/11\/DSC_0074.jpg","contentUrl":"https:\/\/campingtauro.com\/wp-content\/uploads\/2024\/11\/DSC_0074.jpg"},{"@type":"BreadcrumbList","@id":"https:\/\/campingtauro.com\/vl\/restaurant\/#breadcrumb","itemListElement":[{"@type":"ListItem","position":1,"name":"Portada","item":"https:\/\/campingtauro.com\/vl\/inici\/"},{"@type":"ListItem","position":2,"name":"Restaurant"}]},{"@type":"WebSite","@id":"https:\/\/campingtauro.com\/#website","url":"https:\/\/campingtauro.com\/","name":"Camping Tauro","description":"Alquiler de parcelas y bungalows en Benic\u00e0ssim","publisher":{"@id":"https:\/\/campingtauro.com\/#organization"},"potentialAction":[{"@type":"SearchAction","target":{"@type":"EntryPoint","urlTemplate":"https:\/\/campingtauro.com\/?s={search_term_string}"},"query-input":"required name=search_term_string"}],"inLanguage":"vl-VL"},{"@type":"Organization","@id":"https:\/\/campingtauro.com\/#organization","name":"Camping Tauro","url":"https:\/\/campingtauro.com\/","logo":{"@type":"ImageObject","inLanguage":"vl-VL","@id":"https:\/\/campingtauro.com\/#\/schema\/logo\/image\/","url":"https:\/\/campingtauro.com\/wp-content\/uploads\/2024\/11\/cropped-Logo-camping-tauro.png","contentUrl":"https:\/\/campingtauro.com\/wp-content\/uploads\/2024\/11\/cropped-Logo-camping-tauro.png","width":350,"height":101,"caption":"Camping Tauro"},"image":{"@id":"https:\/\/campingtauro.com\/#\/schema\/logo\/image\/"}}]}},"_links":{"self":[{"href":"https:\/\/campingtauro.com\/vl\/wp-json\/wp\/v2\/pages\/2862"}],"collection":[{"href":"https:\/\/campingtauro.com\/vl\/wp-json\/wp\/v2\/pages"}],"about":[{"href":"https:\/\/campingtauro.com\/vl\/wp-json\/wp\/v2\/types\/page"}],"author":[{"embeddable":true,"href":"https:\/\/campingtauro.com\/vl\/wp-json\/wp\/v2\/users\/1"}],"replies":[{"embeddable":true,"href":"https:\/\/campingtauro.com\/vl\/wp-json\/wp\/v2\/comments?post=2862"}],"version-history":[{"count":2,"href":"https:\/\/campingtauro.com\/vl\/wp-json\/wp\/v2\/pages\/2862\/revisions"}],"predecessor-version":[{"id":2867,"href":"https:\/\/campingtauro.com\/vl\/wp-json\/wp\/v2\/pages\/2862\/revisions\/2867"}],"wp:attachment":[{"href":"https:\/\/campingtauro.com\/vl\/wp-json\/wp\/v2\/media?parent=2862"}],"curies":[{"name":"wp","href":"https:\/\/api.w.org\/{rel}","templated":true}]}}