{"id":2424,"date":"2024-06-26T18:03:49","date_gmt":"2024-06-26T16:03:49","guid":{"rendered":"https:\/\/campingtauro.com\/altres-llocs-dinteres\/"},"modified":"2025-05-21T09:09:31","modified_gmt":"2025-05-21T07:09:31","slug":"altres-llocs-dinteres","status":"publish","type":"page","link":"https:\/\/campingtauro.com\/vl\/altres-llocs-dinteres\/","title":{"rendered":"Altres llocs d&#8217;inter\u00e8s"},"content":{"rendered":"\t\t<div data-elementor-type=\"wp-page\" data-elementor-id=\"2424\" class=\"elementor elementor-2424 elementor-54\" data-elementor-post-type=\"page\">\n\t\t\t\t<div class=\"elementor-element elementor-element-c80f3e9 e-flex e-con-boxed e-con e-parent\" data-id=\"c80f3e9\" data-element_type=\"container\" data-settings=\"{&quot;background_background&quot;:&quot;classic&quot;}\">\n\t\t\t\t\t<div class=\"e-con-inner\">\n\t\t\t\t<div class=\"elementor-element elementor-element-eabbe4c elementor-widget elementor-widget-heading\" data-id=\"eabbe4c\" data-element_type=\"widget\" data-widget_type=\"heading.default\">\n\t\t\t\t<div class=\"elementor-widget-container\">\n\t\t\t<style>\/*! elementor - v3.22.0 - 26-06-2024 *\/\n.elementor-heading-title{padding:0;margin:0;line-height:1}.elementor-widget-heading .elementor-heading-title[class*=elementor-size-]>a{color:inherit;font-size:inherit;line-height:inherit}.elementor-widget-heading .elementor-heading-title.elementor-size-small{font-size:15px}.elementor-widget-heading .elementor-heading-title.elementor-size-medium{font-size:19px}.elementor-widget-heading .elementor-heading-title.elementor-size-large{font-size:29px}.elementor-widget-heading .elementor-heading-title.elementor-size-xl{font-size:39px}.elementor-widget-heading .elementor-heading-title.elementor-size-xxl{font-size:59px}<\/style><h2 class=\"elementor-heading-title elementor-size-default\">Llocs d'Inter\u00e9s<\/h2>\t\t<\/div>\n\t\t\t\t<\/div>\n\t\t\t\t\t<\/div>\n\t\t\t\t<\/div>\n\t\t<div class=\"elementor-element elementor-element-a341362 e-flex e-con-boxed e-con e-parent\" data-id=\"a341362\" data-element_type=\"container\">\n\t\t\t\t\t<div class=\"e-con-inner\">\n\t\t<div class=\"elementor-element elementor-element-996eb52 e-con-full e-flex e-con e-child\" data-id=\"996eb52\" data-element_type=\"container\">\n\t\t\t\t<div class=\"elementor-element elementor-element-931be15 elementor-widget elementor-widget-image\" data-id=\"931be15\" data-element_type=\"widget\" data-widget_type=\"image.default\">\n\t\t\t\t<div class=\"elementor-widget-container\">\n\t\t\t<style>\/*! elementor - v3.22.0 - 26-06-2024 *\/\n.elementor-widget-image{text-align:center}.elementor-widget-image a{display:inline-block}.elementor-widget-image a img[src$=\".svg\"]{width:48px}.elementor-widget-image img{vertical-align:middle;display:inline-block}<\/style>\t\t\t\t\t\t\t\t\t\t<img fetchpriority=\"high\" decoding=\"async\" width=\"465\" height=\"256\" src=\"https:\/\/campingtauro.com\/wp-content\/uploads\/2024\/12\/AQUARAMA.jpg\" class=\"attachment-full size-full wp-image-2426\" alt=\"\" srcset=\"https:\/\/campingtauro.com\/wp-content\/uploads\/2024\/12\/AQUARAMA.jpg 465w, https:\/\/campingtauro.com\/wp-content\/uploads\/2024\/12\/AQUARAMA-300x165.jpg 300w\" sizes=\"(max-width: 465px) 100vw, 465px\" \/>\t\t\t\t\t\t\t\t\t\t\t\t\t<\/div>\n\t\t\t\t<\/div>\n\t\t\t\t<div class=\"elementor-element elementor-element-afd5c2f elementor-widget elementor-widget-text-editor\" data-id=\"afd5c2f\" data-element_type=\"widget\" data-widget_type=\"text-editor.default\">\n\t\t\t\t<div class=\"elementor-widget-container\">\n\t\t\t<style>\/*! elementor - v3.22.0 - 26-06-2024 *\/\n.elementor-widget-text-editor.elementor-drop-cap-view-stacked .elementor-drop-cap{background-color:#69727d;color:#fff}.elementor-widget-text-editor.elementor-drop-cap-view-framed .elementor-drop-cap{color:#69727d;border:3px solid;background-color:transparent}.elementor-widget-text-editor:not(.elementor-drop-cap-view-default) .elementor-drop-cap{margin-top:8px}.elementor-widget-text-editor:not(.elementor-drop-cap-view-default) .elementor-drop-cap-letter{width:1em;height:1em}.elementor-widget-text-editor .elementor-drop-cap{float:left;text-align:center;line-height:1;font-size:50px}.elementor-widget-text-editor .elementor-drop-cap-letter{display:inline-block}<\/style>\t\t\t\t<p><span style=\"color: #279e1c;\"><a style=\"color: #279e1c;\" href=\"https:\/\/www.aquarama.net\/\" target=\"_blank\" rel=\"noopener\">AQUARAMA<\/a><\/span><\/p>\n\t\t\t\t\t\t<\/div>\n\t\t\t\t<\/div>\n\t\t\t\t<div class=\"elementor-element elementor-element-d5020c7 elementor-widget elementor-widget-text-editor\" data-id=\"d5020c7\" data-element_type=\"widget\" data-widget_type=\"text-editor.default\">\n\t\t\t\t<div class=\"elementor-widget-container\">\n\t\t\t\t\t\t\t<p><span style=\"color: #000000;\"><a style=\"color: #000000;\" tabindex=\"0\" href=\"https:\/\/www.google.com\/maps\/place\/\/data=!4m2!3m1!1s0x12a0013bfdfdd52b:0x35b6840d5d9dbe77?sa=X&amp;ved=1t:8290&amp;ictx=111\" target=\"_blank\" rel=\"noopener\" data-url=\"\/maps\/place\/\/data=!4m2!3m1!1s0x12a0013bfdfdd52b:0x35b6840d5d9dbe77?sa=X&amp;ved=2ahUKEwjAr__ypYuKAxU5K_sDHaaTMwQQ4kB6BAgIEAA\">N-340, km. 986, 8, 12560 Benic\u00e0ssim, Castell\u00f3<\/a><\/span><br \/><span style=\"color: #000000;\"><a style=\"color: #000000;\" href=\"https:\/\/www.google.com\/search?q=aquarama+BENICASIM&amp;num=10&amp;newwindow=1&amp;sca_esv=f020a7a3a9c0faaa&amp;rlz=1C1CHBD_esES869ES869&amp;biw=1536&amp;bih=743&amp;sxsrf=ADLYWIJlFTRnoFaPH4-wDJvOJFFYjtP3fA%3A1733218403611&amp;ei=Y9BOZ9OBJbCHkdUPnI-_yA0&amp;ved=0ahUKEwiTv4_apYuKAxWwQ6QEHZzHD9kQ4dUDCA8&amp;uact=5&amp;oq=aquarama+BENICASIM&amp;gs_lp=Egxnd3Mtd2l6LXNlcnAiEmFxdWFyYW1hIEJFTklDQVNJTTILEC4YgAQYxwEYrwEyBxAAGIAEGAoyBxAAGIAEGAoyBxAAGIAEGAoyBxAAGIAEGAoyBxAAGIAEGAoyBxAAGIAEGAoyBxAAGIAEGAoyBxAAGIAEGAoyAhAmMhoQLhiABBjHARivARiXBRjcBBjeBBjgBNgBAUiCDVAAWIYIcAB4AZABAJgBngGgAbgJqgEDMC45uAEDyAEA-AEBmAIEoAKyBMICBxAAGIAEGA3CAgwQLhiABBixAxgKGA3CAgYQABgHGB7CAhEQLhgHGMcBGAoYHhiOBRivAcICCBAAGAcYChgewgIIEAAYBxgIGB7CAg0QLhiABBjHARgNGK8BwgIcEC4YgAQYxwEYDRivARiXBRjcBBjeBBjgBNgBAZgDALoGBggBEAEYFJIHAzAuNKAHu08&amp;sclient=gws-wiz-serp#\" data-dtype=\"d3ph\" data-local-attribute=\"d3ph\" data-ved=\"2ahUKEwjAr__ypYuKAxU5K_sDHaaTMwQQkAgoAHoECEAQAg\"><span aria-label=\"Llamar al n\u00famero de tel\u00e9fono 964 30 33 21\">964 30 33 21<\/span><\/a><\/span><\/p>\n\t\t\t\t\t\t<\/div>\n\t\t\t\t<\/div>\n\t\t\t\t<\/div>\n\t\t<div class=\"elementor-element elementor-element-bfd1b58 e-con-full e-flex e-con e-child\" data-id=\"bfd1b58\" data-element_type=\"container\">\n\t\t\t\t<div class=\"elementor-element elementor-element-9c3ae1e elementor-widget elementor-widget-image\" data-id=\"9c3ae1e\" data-element_type=\"widget\" data-widget_type=\"image.default\">\n\t\t\t\t<div class=\"elementor-widget-container\">\n\t\t\t\t\t\t\t\t\t\t\t\t\t<img decoding=\"async\" width=\"465\" height=\"256\" src=\"https:\/\/campingtauro.com\/wp-content\/uploads\/2024\/12\/CARMELITANO.jpg\" class=\"attachment-full size-full wp-image-2427\" alt=\"\" srcset=\"https:\/\/campingtauro.com\/wp-content\/uploads\/2024\/12\/CARMELITANO.jpg 465w, https:\/\/campingtauro.com\/wp-content\/uploads\/2024\/12\/CARMELITANO-300x165.jpg 300w\" sizes=\"(max-width: 465px) 100vw, 465px\" \/>\t\t\t\t\t\t\t\t\t\t\t\t\t<\/div>\n\t\t\t\t<\/div>\n\t\t\t\t<div class=\"elementor-element elementor-element-91f3aae elementor-widget elementor-widget-text-editor\" data-id=\"91f3aae\" data-element_type=\"widget\" data-widget_type=\"text-editor.default\">\n\t\t\t\t<div class=\"elementor-widget-container\">\n\t\t\t\t\t\t\t<p><span style=\"color: #279e1c;\"><a style=\"color: #279e1c;\" href=\"https:\/\/carmelitano.com\/\" target=\"_blank\" rel=\"noopener\">CARMELITANO celler, destil\u00b7leria i museu<\/a><\/span><\/p>\n\t\t\t\t\t\t<\/div>\n\t\t\t\t<\/div>\n\t\t\t\t<div class=\"elementor-element elementor-element-2e0838c elementor-widget elementor-widget-text-editor\" data-id=\"2e0838c\" data-element_type=\"widget\" data-widget_type=\"text-editor.default\">\n\t\t\t\t<div class=\"elementor-widget-container\">\n\t\t\t\t\t\t\t<p><span style=\"color: #000000;\"><a style=\"color: #000000;\" tabindex=\"0\" href=\"https:\/\/www.google.com\/maps\/place\/\/data=!4m2!3m1!1s0x12a00146305c3b41:0xe5a8f7ed6bad43d8?sa=X&amp;ved=1t:8290&amp;ictx=111\" target=\"_blank\" rel=\"noopener\" data-url=\"\/maps\/place\/\/data=!4m2!3m1!1s0x12a00146305c3b41:0xe5a8f7ed6bad43d8?sa=X&amp;ved=2ahUKEwiTv4_apYuKAxWwQ6QEHZzHD9kQ4kB6BAgMEAA\">Strasse Bodolz, 12, 12560 Benic\u00e0ssim, Castell\u00f3<\/a><\/span><br \/><span style=\"color: #000000;\"><a style=\"color: #000000;\" href=\"https:\/\/www.google.com\/search?num=10&amp;newwindow=1&amp;sca_esv=f020a7a3a9c0faaa&amp;rlz=1C1CHBD_esES869ES869&amp;sxsrf=ADLYWIJ_F3C96a0-3tOY4_fzLVePokYMfA:1733218121749&amp;q=CARMELITANO+BENICASIM&amp;source=lnms&amp;fbs=AEQNm0CbCVgAZ5mWEJDg6aoPVcBgWizR0-0aFOH11Sb5tlNhd9L2WHVzAvhMQbvbuARNpGBcXTg9bjHozcoC1STf4cAKFzkcfRMvmG6FNLbvklZq1rIcenEY-Q-7y8ss6uAGsbf2DYmJPrCiqJGjNGgk1CP0iApn8gND589G1HxNI8R1szUql217mgKULo8_AkYmBIvf7gUq&amp;sa=X&amp;ved=2ahUKEwjY8NvTpIuKAxUpUaQEHdKqH0sQ0pQJegQIExAB&amp;biw=1536&amp;bih=743&amp;dpr=1.25#\" data-dtype=\"d3ph\" data-local-attribute=\"d3ph\" data-ved=\"2ahUKEwiTv4_apYuKAxWwQ6QEHZzHD9kQkAgoAHoECDEQAg\"><span aria-label=\"Llamar al n\u00famero de tel\u00e9fono 964 30 08 49\">964 30 08 49<\/span><\/a><\/span><\/p>\n\t\t\t\t\t\t<\/div>\n\t\t\t\t<\/div>\n\t\t\t\t<\/div>\n\t\t\t\t\t<\/div>\n\t\t\t\t<\/div>\n\t\t\t\t<\/div>\n\t\t","protected":false},"excerpt":{"rendered":"<p>Llocs d&#8217;Inter\u00e9s AQUARAMA N-340, km. 986, 8, 12560 Benic\u00e0ssim, Castell\u00f3964 30 33 21 CARMELITANO celler, destil\u00b7leria i museu Strasse Bodolz, [&hellip;]<\/p>\n","protected":false},"author":1,"featured_media":0,"parent":0,"menu_order":0,"comment_status":"closed","ping_status":"closed","template":"","meta":{"site-sidebar-layout":"no-sidebar","site-content-layout":"","ast-site-content-layout":"full-width-container","site-content-style":"default","site-sidebar-style":"default","ast-global-header-display":"","ast-banner-title-visibility":"","ast-main-header-display":"","ast-hfb-above-header-display":"","ast-hfb-below-header-display":"","ast-hfb-mobile-header-display":"","site-post-title":"disabled","ast-breadcrumbs-content":"","ast-featured-img":"disabled","footer-sml-layout":"","theme-transparent-header-meta":"default","adv-header-id-meta":"","stick-header-meta":"","header-above-stick-meta":"","header-main-stick-meta":"","header-below-stick-meta":"","astra-migrate-meta-layouts":"default","ast-page-background-enabled":"default","ast-page-background-meta":{"desktop":{"background-color":"var(--ast-global-color-4)","background-image":"","background-repeat":"repeat","background-position":"center center","background-size":"auto","background-attachment":"scroll","background-type":"","background-media":"","overlay-type":"","overlay-color":"","overlay-opacity":"","overlay-gradient":""},"tablet":{"background-color":"","background-image":"","background-repeat":"repeat","background-position":"center center","background-size":"auto","background-attachment":"scroll","background-type":"","background-media":"","overlay-type":"","overlay-color":"","overlay-opacity":"","overlay-gradient":""},"mobile":{"background-color":"","background-image":"","background-repeat":"repeat","background-position":"center center","background-size":"auto","background-attachment":"scroll","background-type":"","background-media":"","overlay-type":"","overlay-color":"","overlay-opacity":"","overlay-gradient":""}},"ast-content-background-meta":{"desktop":{"background-color":"var(--ast-global-color-5)","background-image":"","background-repeat":"repeat","background-position":"center center","background-size":"auto","background-attachment":"scroll","background-type":"","background-media":"","overlay-type":"","overlay-color":"","overlay-opacity":"","overlay-gradient":""},"tablet":{"background-color":"var(--ast-global-color-5)","background-image":"","background-repeat":"repeat","background-position":"center center","background-size":"auto","background-attachment":"scroll","background-type":"","background-media":"","overlay-type":"","overlay-color":"","overlay-opacity":"","overlay-gradient":""},"mobile":{"background-color":"var(--ast-global-color-5)","background-image":"","background-repeat":"repeat","background-position":"center center","background-size":"auto","background-attachment":"scroll","background-type":"","background-media":"","overlay-type":"","overlay-color":"","overlay-opacity":"","overlay-gradient":""}},"_joinchat":[],"footnotes":""},"yoast_head":"<!-- This site is optimized with the Yoast SEO plugin v22.9 - https:\/\/yoast.com\/wordpress\/plugins\/seo\/ -->\n<title>Altres llocs d&#039;inter\u00e8s - Camping Tauro<\/title>\n<meta name=\"robots\" content=\"index, follow, max-snippet:-1, max-image-preview:large, max-video-preview:-1\" \/>\n<link rel=\"canonical\" href=\"https:\/\/campingtauro.com\/vl\/altres-llocs-dinteres\/\" \/>\n<meta property=\"og:locale\" content=\"en_US\" \/>\n<meta property=\"og:type\" content=\"article\" \/>\n<meta property=\"og:title\" content=\"Altres llocs d&#039;inter\u00e8s - Camping Tauro\" \/>\n<meta property=\"og:description\" content=\"Llocs d&#8217;Inter\u00e9s AQUARAMA N-340, km. 986, 8, 12560 Benic\u00e0ssim, Castell\u00f3964 30 33 21 CARMELITANO celler, destil\u00b7leria i museu Strasse Bodolz, [&hellip;]\" \/>\n<meta property=\"og:url\" content=\"https:\/\/campingtauro.com\/vl\/altres-llocs-dinteres\/\" \/>\n<meta property=\"og:site_name\" content=\"Camping Tauro\" \/>\n<meta property=\"article:modified_time\" content=\"2025-05-21T07:09:31+00:00\" \/>\n<meta property=\"og:image\" content=\"https:\/\/campingtauro.com\/wp-content\/uploads\/2024\/12\/AQUARAMA.jpg\" \/>\n<meta name=\"twitter:card\" content=\"summary_large_image\" \/>\n<script type=\"application\/ld+json\" class=\"yoast-schema-graph\">{\"@context\":\"https:\/\/schema.org\",\"@graph\":[{\"@type\":\"WebPage\",\"@id\":\"https:\/\/campingtauro.com\/vl\/altres-llocs-dinteres\/\",\"url\":\"https:\/\/campingtauro.com\/vl\/altres-llocs-dinteres\/\",\"name\":\"Altres llocs d'inter\u00e8s - Camping Tauro\",\"isPartOf\":{\"@id\":\"https:\/\/campingtauro.com\/#website\"},\"primaryImageOfPage\":{\"@id\":\"https:\/\/campingtauro.com\/vl\/altres-llocs-dinteres\/#primaryimage\"},\"image\":{\"@id\":\"https:\/\/campingtauro.com\/vl\/altres-llocs-dinteres\/#primaryimage\"},\"thumbnailUrl\":\"https:\/\/campingtauro.com\/wp-content\/uploads\/2024\/12\/AQUARAMA.jpg\",\"datePublished\":\"2024-06-26T16:03:49+00:00\",\"dateModified\":\"2025-05-21T07:09:31+00:00\",\"breadcrumb\":{\"@id\":\"https:\/\/campingtauro.com\/vl\/altres-llocs-dinteres\/#breadcrumb\"},\"inLanguage\":\"vl-VL\",\"potentialAction\":[{\"@type\":\"ReadAction\",\"target\":[\"https:\/\/campingtauro.com\/vl\/altres-llocs-dinteres\/\"]}]},{\"@type\":\"ImageObject\",\"inLanguage\":\"vl-VL\",\"@id\":\"https:\/\/campingtauro.com\/vl\/altres-llocs-dinteres\/#primaryimage\",\"url\":\"https:\/\/campingtauro.com\/wp-content\/uploads\/2024\/12\/AQUARAMA.jpg\",\"contentUrl\":\"https:\/\/campingtauro.com\/wp-content\/uploads\/2024\/12\/AQUARAMA.jpg\"},{\"@type\":\"BreadcrumbList\",\"@id\":\"https:\/\/campingtauro.com\/vl\/altres-llocs-dinteres\/#breadcrumb\",\"itemListElement\":[{\"@type\":\"ListItem\",\"position\":1,\"name\":\"Portada\",\"item\":\"https:\/\/campingtauro.com\/vl\/inici\/\"},{\"@type\":\"ListItem\",\"position\":2,\"name\":\"Altres llocs d&#8217;inter\u00e8s\"}]},{\"@type\":\"WebSite\",\"@id\":\"https:\/\/campingtauro.com\/#website\",\"url\":\"https:\/\/campingtauro.com\/\",\"name\":\"Camping Tauro\",\"description\":\"Alquiler de parcelas y bungalows en Benic\u00e0ssim\",\"publisher\":{\"@id\":\"https:\/\/campingtauro.com\/#organization\"},\"potentialAction\":[{\"@type\":\"SearchAction\",\"target\":{\"@type\":\"EntryPoint\",\"urlTemplate\":\"https:\/\/campingtauro.com\/?s={search_term_string}\"},\"query-input\":\"required name=search_term_string\"}],\"inLanguage\":\"vl-VL\"},{\"@type\":\"Organization\",\"@id\":\"https:\/\/campingtauro.com\/#organization\",\"name\":\"Camping Tauro\",\"url\":\"https:\/\/campingtauro.com\/\",\"logo\":{\"@type\":\"ImageObject\",\"inLanguage\":\"vl-VL\",\"@id\":\"https:\/\/campingtauro.com\/#\/schema\/logo\/image\/\",\"url\":\"https:\/\/campingtauro.com\/wp-content\/uploads\/2024\/11\/cropped-Logo-camping-tauro.png\",\"contentUrl\":\"https:\/\/campingtauro.com\/wp-content\/uploads\/2024\/11\/cropped-Logo-camping-tauro.png\",\"width\":350,\"height\":101,\"caption\":\"Camping Tauro\"},\"image\":{\"@id\":\"https:\/\/campingtauro.com\/#\/schema\/logo\/image\/\"}}]}<\/script>\n<!-- \/ Yoast SEO plugin. -->","yoast_head_json":{"title":"Altres llocs d'inter\u00e8s - Camping Tauro","robots":{"index":"index","follow":"follow","max-snippet":"max-snippet:-1","max-image-preview":"max-image-preview:large","max-video-preview":"max-video-preview:-1"},"canonical":"https:\/\/campingtauro.com\/vl\/altres-llocs-dinteres\/","og_locale":"en_US","og_type":"article","og_title":"Altres llocs d'inter\u00e8s - Camping Tauro","og_description":"Llocs d&#8217;Inter\u00e9s AQUARAMA N-340, km. 986, 8, 12560 Benic\u00e0ssim, Castell\u00f3964 30 33 21 CARMELITANO celler, destil\u00b7leria i museu Strasse Bodolz, [&hellip;]","og_url":"https:\/\/campingtauro.com\/vl\/altres-llocs-dinteres\/","og_site_name":"Camping Tauro","article_modified_time":"2025-05-21T07:09:31+00:00","og_image":[{"url":"https:\/\/campingtauro.com\/wp-content\/uploads\/2024\/12\/AQUARAMA.jpg"}],"twitter_card":"summary_large_image","schema":{"@context":"https:\/\/schema.org","@graph":[{"@type":"WebPage","@id":"https:\/\/campingtauro.com\/vl\/altres-llocs-dinteres\/","url":"https:\/\/campingtauro.com\/vl\/altres-llocs-dinteres\/","name":"Altres llocs d'inter\u00e8s - Camping Tauro","isPartOf":{"@id":"https:\/\/campingtauro.com\/#website"},"primaryImageOfPage":{"@id":"https:\/\/campingtauro.com\/vl\/altres-llocs-dinteres\/#primaryimage"},"image":{"@id":"https:\/\/campingtauro.com\/vl\/altres-llocs-dinteres\/#primaryimage"},"thumbnailUrl":"https:\/\/campingtauro.com\/wp-content\/uploads\/2024\/12\/AQUARAMA.jpg","datePublished":"2024-06-26T16:03:49+00:00","dateModified":"2025-05-21T07:09:31+00:00","breadcrumb":{"@id":"https:\/\/campingtauro.com\/vl\/altres-llocs-dinteres\/#breadcrumb"},"inLanguage":"vl-VL","potentialAction":[{"@type":"ReadAction","target":["https:\/\/campingtauro.com\/vl\/altres-llocs-dinteres\/"]}]},{"@type":"ImageObject","inLanguage":"vl-VL","@id":"https:\/\/campingtauro.com\/vl\/altres-llocs-dinteres\/#primaryimage","url":"https:\/\/campingtauro.com\/wp-content\/uploads\/2024\/12\/AQUARAMA.jpg","contentUrl":"https:\/\/campingtauro.com\/wp-content\/uploads\/2024\/12\/AQUARAMA.jpg"},{"@type":"BreadcrumbList","@id":"https:\/\/campingtauro.com\/vl\/altres-llocs-dinteres\/#breadcrumb","itemListElement":[{"@type":"ListItem","position":1,"name":"Portada","item":"https:\/\/campingtauro.com\/vl\/inici\/"},{"@type":"ListItem","position":2,"name":"Altres llocs d&#8217;inter\u00e8s"}]},{"@type":"WebSite","@id":"https:\/\/campingtauro.com\/#website","url":"https:\/\/campingtauro.com\/","name":"Camping Tauro","description":"Alquiler de parcelas y bungalows en Benic\u00e0ssim","publisher":{"@id":"https:\/\/campingtauro.com\/#organization"},"potentialAction":[{"@type":"SearchAction","target":{"@type":"EntryPoint","urlTemplate":"https:\/\/campingtauro.com\/?s={search_term_string}"},"query-input":"required name=search_term_string"}],"inLanguage":"vl-VL"},{"@type":"Organization","@id":"https:\/\/campingtauro.com\/#organization","name":"Camping Tauro","url":"https:\/\/campingtauro.com\/","logo":{"@type":"ImageObject","inLanguage":"vl-VL","@id":"https:\/\/campingtauro.com\/#\/schema\/logo\/image\/","url":"https:\/\/campingtauro.com\/wp-content\/uploads\/2024\/11\/cropped-Logo-camping-tauro.png","contentUrl":"https:\/\/campingtauro.com\/wp-content\/uploads\/2024\/11\/cropped-Logo-camping-tauro.png","width":350,"height":101,"caption":"Camping Tauro"},"image":{"@id":"https:\/\/campingtauro.com\/#\/schema\/logo\/image\/"}}]}},"_links":{"self":[{"href":"https:\/\/campingtauro.com\/vl\/wp-json\/wp\/v2\/pages\/2424"}],"collection":[{"href":"https:\/\/campingtauro.com\/vl\/wp-json\/wp\/v2\/pages"}],"about":[{"href":"https:\/\/campingtauro.com\/vl\/wp-json\/wp\/v2\/types\/page"}],"author":[{"embeddable":true,"href":"https:\/\/campingtauro.com\/vl\/wp-json\/wp\/v2\/users\/1"}],"replies":[{"embeddable":true,"href":"https:\/\/campingtauro.com\/vl\/wp-json\/wp\/v2\/comments?post=2424"}],"version-history":[{"count":1,"href":"https:\/\/campingtauro.com\/vl\/wp-json\/wp\/v2\/pages\/2424\/revisions"}],"predecessor-version":[{"id":2428,"href":"https:\/\/campingtauro.com\/vl\/wp-json\/wp\/v2\/pages\/2424\/revisions\/2428"}],"wp:attachment":[{"href":"https:\/\/campingtauro.com\/vl\/wp-json\/wp\/v2\/media?parent=2424"}],"curies":[{"name":"wp","href":"https:\/\/api.w.org\/{rel}","templated":true}]}}