{"id":2404,"date":"2024-12-02T09:38:39","date_gmt":"2024-12-02T08:38:39","guid":{"rendered":"https:\/\/campingtauro.com\/la-terrasseta\/"},"modified":"2025-05-20T17:49:02","modified_gmt":"2025-05-20T15:49:02","slug":"la-terrasseta","status":"publish","type":"page","link":"https:\/\/campingtauro.com\/vl\/la-terrasseta\/","title":{"rendered":"La Terrasseta"},"content":{"rendered":"\t\t<div data-elementor-type=\"wp-page\" data-elementor-id=\"2404\" class=\"elementor elementor-2404 elementor-1214\" data-elementor-post-type=\"page\">\n\t\t\t\t<div class=\"elementor-element elementor-element-6eb0bf8 e-flex e-con-boxed e-con e-parent\" data-id=\"6eb0bf8\" data-element_type=\"container\" data-settings=\"{&quot;background_background&quot;:&quot;classic&quot;}\">\n\t\t\t\t\t<div class=\"e-con-inner\">\n\t\t\t\t<div class=\"elementor-element elementor-element-9b5e415 elementor-widget elementor-widget-heading\" data-id=\"9b5e415\" data-element_type=\"widget\" data-widget_type=\"heading.default\">\n\t\t\t\t<div class=\"elementor-widget-container\">\n\t\t\t<style>\/*! elementor - v3.22.0 - 26-06-2024 *\/\n.elementor-heading-title{padding:0;margin:0;line-height:1}.elementor-widget-heading .elementor-heading-title[class*=elementor-size-]>a{color:inherit;font-size:inherit;line-height:inherit}.elementor-widget-heading .elementor-heading-title.elementor-size-small{font-size:15px}.elementor-widget-heading .elementor-heading-title.elementor-size-medium{font-size:19px}.elementor-widget-heading .elementor-heading-title.elementor-size-large{font-size:29px}.elementor-widget-heading .elementor-heading-title.elementor-size-xl{font-size:39px}.elementor-widget-heading .elementor-heading-title.elementor-size-xxl{font-size:59px}<\/style><h2 class=\"elementor-heading-title elementor-size-default\">La Terrasseta<\/h2>\t\t<\/div>\n\t\t\t\t<\/div>\n\t\t\t\t\t<\/div>\n\t\t\t\t<\/div>\n\t\t<div class=\"elementor-element elementor-element-1d2c10b e-flex e-con-boxed e-con e-parent\" data-id=\"1d2c10b\" data-element_type=\"container\">\n\t\t\t\t\t<div class=\"e-con-inner\">\n\t\t<div class=\"elementor-element elementor-element-1b9ad0f e-con-full e-flex e-con e-child\" data-id=\"1b9ad0f\" data-element_type=\"container\">\n\t\t\t\t<div class=\"elementor-element elementor-element-077f1e0 elementor-widget elementor-widget-heading\" data-id=\"077f1e0\" data-element_type=\"widget\" data-widget_type=\"heading.default\">\n\t\t\t\t<div class=\"elementor-widget-container\">\n\t\t\t<h2 class=\"elementor-heading-title elementor-size-default\">La nostra \"Terrasseta\" s'uneix al segell \"el m\u00e9s exquisit del Mediterrani\".\n<\/h2>\t\t<\/div>\n\t\t\t\t<\/div>\n\t\t\t\t<div class=\"elementor-element elementor-element-010a9e3 elementor-widget elementor-widget-text-editor\" data-id=\"010a9e3\" data-element_type=\"widget\" data-widget_type=\"text-editor.default\">\n\t\t\t\t<div class=\"elementor-widget-container\">\n\t\t\t<style>\/*! elementor - v3.22.0 - 26-06-2024 *\/\n.elementor-widget-text-editor.elementor-drop-cap-view-stacked .elementor-drop-cap{background-color:#69727d;color:#fff}.elementor-widget-text-editor.elementor-drop-cap-view-framed .elementor-drop-cap{color:#69727d;border:3px solid;background-color:transparent}.elementor-widget-text-editor:not(.elementor-drop-cap-view-default) .elementor-drop-cap{margin-top:8px}.elementor-widget-text-editor:not(.elementor-drop-cap-view-default) .elementor-drop-cap-letter{width:1em;height:1em}.elementor-widget-text-editor .elementor-drop-cap{float:left;text-align:center;line-height:1;font-size:50px}.elementor-widget-text-editor .elementor-drop-cap-letter{display:inline-block}<\/style>\t\t\t\t<p style=\"text-align: left;\">El nostre Restaurant La Terrasseta forma part de la xarxa L&#8217;Exquisit Mediterrani; una iniciativa de turisme gastron\u00f2mic de la Comunitat Valenciana.<br \/>Estem molt contents de compartir amb vosaltres aquest segell distintiu, que reconeix l&#8217;aposta pel producte de proximitat, la posada en valor de la gastronomia local i la promoci\u00f3 de la nostra cultura gastron\u00f2mica.<\/p>\n\t\t\t\t\t\t<\/div>\n\t\t\t\t<\/div>\n\t\t\t\t<\/div>\n\t\t\t\t\t<\/div>\n\t\t\t\t<\/div>\n\t\t<div class=\"elementor-element elementor-element-8eb21bc e-flex e-con-boxed e-con e-parent\" data-id=\"8eb21bc\" data-element_type=\"container\">\n\t\t\t\t\t<div class=\"e-con-inner\">\n\t\t\t\t<div class=\"elementor-element elementor-element-26d0e3a elementor-widget elementor-widget-text-editor\" data-id=\"26d0e3a\" data-element_type=\"widget\" data-widget_type=\"text-editor.default\">\n\t\t\t\t<div class=\"elementor-widget-container\">\n\t\t\t\t\t\t\t<p><span style=\"color: #6db812;\"><strong>Qu\u00e8 \u00e9s L&#8217;Exquisit Mediterrani?<\/strong><\/span><\/p>\n<p>La marca &#8220;Comunitat Valenciana \u2013 L&#8217;Exquisit Mediterrani&#8221; \u00e9s l&#8217;element central que representa els valors de la nostra gastronomia d&#8217;excel\u00b7l\u00e8ncia: <strong>el m\u00e9s exquisit del Mediterrani.<\/strong> Sobre ella pivoten els missatges i accions promocionals d&#8217;experi\u00e8ncies tur\u00edstiques vinculades a la nostra gastronomia valenciana, amb par\u00e0metres de qualitat i autenticitat.<\/p>\n<p>Cal recordar que la Comunitat Valenciana compta amb una cultura gastron\u00f2mica de gran valor. Receptes tan internacionals com els arrossos o la paella, productes agroalimentaris diversos i d&#8217;alta qualitat, un sector hostaler consolidat i, en els \u00faltims anys, un nombre important de cuiners i cuineres, l\u00edders d&#8217;un moviment gastron\u00f2mic al qual aporten creativitat i excel\u00b7l\u00e8ncia.<\/p>\n<p>La gastronomia pr\u00f2pia valenciana est\u00e0 reconeguda com a recurs tur\u00edstic de primer ordre. Un atractiu tur\u00edstic que refor\u00e7a l&#8217;ess\u00e8ncia i els valors de l&#8217;estil de vida que ens identifica com a destinaci\u00f3 mediterr\u00e0nia: hospitalari i saludable. A m\u00e9s de ser el reflex d&#8217;una <a href=\"https:\/\/ich.unesco.org\/es\/RL\/la-dieta-mediterranea-00884\">Dieta Mediterr\u00e0nia<\/a> declarada per la UNESCO Patrimoni Immaterial de la Humanitat.<\/p>\n\t\t\t\t\t\t<\/div>\n\t\t\t\t<\/div>\n\t\t\t\t\t<\/div>\n\t\t\t\t<\/div>\n\t\t\t\t<\/div>\n\t\t","protected":false},"excerpt":{"rendered":"<p>La Terrasseta La nostra &#8220;Terrasseta&#8221; s&#8217;uneix al segell &#8220;el m\u00e9s exquisit del Mediterrani&#8221;. El nostre Restaurant La Terrasseta forma part [&hellip;]<\/p>\n","protected":false},"author":1,"featured_media":0,"parent":0,"menu_order":0,"comment_status":"closed","ping_status":"closed","template":"","meta":{"site-sidebar-layout":"no-sidebar","site-content-layout":"","ast-site-content-layout":"full-width-container","site-content-style":"default","site-sidebar-style":"default","ast-global-header-display":"","ast-banner-title-visibility":"","ast-main-header-display":"","ast-hfb-above-header-display":"","ast-hfb-below-header-display":"","ast-hfb-mobile-header-display":"","site-post-title":"disabled","ast-breadcrumbs-content":"","ast-featured-img":"disabled","footer-sml-layout":"","theme-transparent-header-meta":"default","adv-header-id-meta":"","stick-header-meta":"","header-above-stick-meta":"","header-main-stick-meta":"","header-below-stick-meta":"","astra-migrate-meta-layouts":"default","ast-page-background-enabled":"default","ast-page-background-meta":{"desktop":{"background-color":"var(--ast-global-color-4)","background-image":"","background-repeat":"repeat","background-position":"center center","background-size":"auto","background-attachment":"scroll","background-type":"","background-media":"","overlay-type":"","overlay-color":"","overlay-opacity":"","overlay-gradient":""},"tablet":{"background-color":"","background-image":"","background-repeat":"repeat","background-position":"center center","background-size":"auto","background-attachment":"scroll","background-type":"","background-media":"","overlay-type":"","overlay-color":"","overlay-opacity":"","overlay-gradient":""},"mobile":{"background-color":"","background-image":"","background-repeat":"repeat","background-position":"center center","background-size":"auto","background-attachment":"scroll","background-type":"","background-media":"","overlay-type":"","overlay-color":"","overlay-opacity":"","overlay-gradient":""}},"ast-content-background-meta":{"desktop":{"background-color":"var(--ast-global-color-5)","background-image":"","background-repeat":"repeat","background-position":"center center","background-size":"auto","background-attachment":"scroll","background-type":"","background-media":"","overlay-type":"","overlay-color":"","overlay-opacity":"","overlay-gradient":""},"tablet":{"background-color":"var(--ast-global-color-5)","background-image":"","background-repeat":"repeat","background-position":"center center","background-size":"auto","background-attachment":"scroll","background-type":"","background-media":"","overlay-type":"","overlay-color":"","overlay-opacity":"","overlay-gradient":""},"mobile":{"background-color":"var(--ast-global-color-5)","background-image":"","background-repeat":"repeat","background-position":"center center","background-size":"auto","background-attachment":"scroll","background-type":"","background-media":"","overlay-type":"","overlay-color":"","overlay-opacity":"","overlay-gradient":""}},"_joinchat":[],"footnotes":""},"yoast_head":"<!-- This site is optimized with the Yoast SEO plugin v22.9 - https:\/\/yoast.com\/wordpress\/plugins\/seo\/ -->\n<title>La Terrasseta - Camping Tauro<\/title>\n<meta name=\"robots\" content=\"index, follow, max-snippet:-1, max-image-preview:large, max-video-preview:-1\" \/>\n<link rel=\"canonical\" href=\"https:\/\/campingtauro.com\/vl\/la-terrasseta\/\" \/>\n<meta property=\"og:locale\" content=\"en_US\" \/>\n<meta property=\"og:type\" content=\"article\" \/>\n<meta property=\"og:title\" content=\"La Terrasseta - Camping Tauro\" \/>\n<meta property=\"og:description\" content=\"La Terrasseta La nostra &#8220;Terrasseta&#8221; s&#8217;uneix al segell &#8220;el m\u00e9s exquisit del Mediterrani&#8221;. El nostre Restaurant La Terrasseta forma part [&hellip;]\" \/>\n<meta property=\"og:url\" content=\"https:\/\/campingtauro.com\/vl\/la-terrasseta\/\" \/>\n<meta property=\"og:site_name\" content=\"Camping Tauro\" \/>\n<meta property=\"article:modified_time\" content=\"2025-05-20T15:49:02+00:00\" \/>\n<meta name=\"twitter:card\" content=\"summary_large_image\" \/>\n<meta name=\"twitter:label1\" content=\"Est. reading time\" \/>\n\t<meta name=\"twitter:data1\" content=\"1 minute\" \/>\n<script type=\"application\/ld+json\" class=\"yoast-schema-graph\">{\"@context\":\"https:\/\/schema.org\",\"@graph\":[{\"@type\":\"WebPage\",\"@id\":\"https:\/\/campingtauro.com\/vl\/la-terrasseta\/\",\"url\":\"https:\/\/campingtauro.com\/vl\/la-terrasseta\/\",\"name\":\"La Terrasseta - Camping Tauro\",\"isPartOf\":{\"@id\":\"https:\/\/campingtauro.com\/#website\"},\"datePublished\":\"2024-12-02T08:38:39+00:00\",\"dateModified\":\"2025-05-20T15:49:02+00:00\",\"breadcrumb\":{\"@id\":\"https:\/\/campingtauro.com\/vl\/la-terrasseta\/#breadcrumb\"},\"inLanguage\":\"vl-VL\",\"potentialAction\":[{\"@type\":\"ReadAction\",\"target\":[\"https:\/\/campingtauro.com\/vl\/la-terrasseta\/\"]}]},{\"@type\":\"BreadcrumbList\",\"@id\":\"https:\/\/campingtauro.com\/vl\/la-terrasseta\/#breadcrumb\",\"itemListElement\":[{\"@type\":\"ListItem\",\"position\":1,\"name\":\"Portada\",\"item\":\"https:\/\/campingtauro.com\/vl\/inici\/\"},{\"@type\":\"ListItem\",\"position\":2,\"name\":\"La Terrasseta\"}]},{\"@type\":\"WebSite\",\"@id\":\"https:\/\/campingtauro.com\/#website\",\"url\":\"https:\/\/campingtauro.com\/\",\"name\":\"Camping Tauro\",\"description\":\"Alquiler de parcelas y bungalows en Benic\u00e0ssim\",\"publisher\":{\"@id\":\"https:\/\/campingtauro.com\/#organization\"},\"potentialAction\":[{\"@type\":\"SearchAction\",\"target\":{\"@type\":\"EntryPoint\",\"urlTemplate\":\"https:\/\/campingtauro.com\/?s={search_term_string}\"},\"query-input\":\"required name=search_term_string\"}],\"inLanguage\":\"vl-VL\"},{\"@type\":\"Organization\",\"@id\":\"https:\/\/campingtauro.com\/#organization\",\"name\":\"Camping Tauro\",\"url\":\"https:\/\/campingtauro.com\/\",\"logo\":{\"@type\":\"ImageObject\",\"inLanguage\":\"vl-VL\",\"@id\":\"https:\/\/campingtauro.com\/#\/schema\/logo\/image\/\",\"url\":\"https:\/\/campingtauro.com\/wp-content\/uploads\/2024\/11\/cropped-Logo-camping-tauro.png\",\"contentUrl\":\"https:\/\/campingtauro.com\/wp-content\/uploads\/2024\/11\/cropped-Logo-camping-tauro.png\",\"width\":350,\"height\":101,\"caption\":\"Camping Tauro\"},\"image\":{\"@id\":\"https:\/\/campingtauro.com\/#\/schema\/logo\/image\/\"}}]}<\/script>\n<!-- \/ Yoast SEO plugin. -->","yoast_head_json":{"title":"La Terrasseta - Camping Tauro","robots":{"index":"index","follow":"follow","max-snippet":"max-snippet:-1","max-image-preview":"max-image-preview:large","max-video-preview":"max-video-preview:-1"},"canonical":"https:\/\/campingtauro.com\/vl\/la-terrasseta\/","og_locale":"en_US","og_type":"article","og_title":"La Terrasseta - Camping Tauro","og_description":"La Terrasseta La nostra &#8220;Terrasseta&#8221; s&#8217;uneix al segell &#8220;el m\u00e9s exquisit del Mediterrani&#8221;. El nostre Restaurant La Terrasseta forma part [&hellip;]","og_url":"https:\/\/campingtauro.com\/vl\/la-terrasseta\/","og_site_name":"Camping Tauro","article_modified_time":"2025-05-20T15:49:02+00:00","twitter_card":"summary_large_image","twitter_misc":{"Est. reading time":"1 minute"},"schema":{"@context":"https:\/\/schema.org","@graph":[{"@type":"WebPage","@id":"https:\/\/campingtauro.com\/vl\/la-terrasseta\/","url":"https:\/\/campingtauro.com\/vl\/la-terrasseta\/","name":"La Terrasseta - Camping Tauro","isPartOf":{"@id":"https:\/\/campingtauro.com\/#website"},"datePublished":"2024-12-02T08:38:39+00:00","dateModified":"2025-05-20T15:49:02+00:00","breadcrumb":{"@id":"https:\/\/campingtauro.com\/vl\/la-terrasseta\/#breadcrumb"},"inLanguage":"vl-VL","potentialAction":[{"@type":"ReadAction","target":["https:\/\/campingtauro.com\/vl\/la-terrasseta\/"]}]},{"@type":"BreadcrumbList","@id":"https:\/\/campingtauro.com\/vl\/la-terrasseta\/#breadcrumb","itemListElement":[{"@type":"ListItem","position":1,"name":"Portada","item":"https:\/\/campingtauro.com\/vl\/inici\/"},{"@type":"ListItem","position":2,"name":"La Terrasseta"}]},{"@type":"WebSite","@id":"https:\/\/campingtauro.com\/#website","url":"https:\/\/campingtauro.com\/","name":"Camping Tauro","description":"Alquiler de parcelas y bungalows en Benic\u00e0ssim","publisher":{"@id":"https:\/\/campingtauro.com\/#organization"},"potentialAction":[{"@type":"SearchAction","target":{"@type":"EntryPoint","urlTemplate":"https:\/\/campingtauro.com\/?s={search_term_string}"},"query-input":"required name=search_term_string"}],"inLanguage":"vl-VL"},{"@type":"Organization","@id":"https:\/\/campingtauro.com\/#organization","name":"Camping Tauro","url":"https:\/\/campingtauro.com\/","logo":{"@type":"ImageObject","inLanguage":"vl-VL","@id":"https:\/\/campingtauro.com\/#\/schema\/logo\/image\/","url":"https:\/\/campingtauro.com\/wp-content\/uploads\/2024\/11\/cropped-Logo-camping-tauro.png","contentUrl":"https:\/\/campingtauro.com\/wp-content\/uploads\/2024\/11\/cropped-Logo-camping-tauro.png","width":350,"height":101,"caption":"Camping Tauro"},"image":{"@id":"https:\/\/campingtauro.com\/#\/schema\/logo\/image\/"}}]}},"_links":{"self":[{"href":"https:\/\/campingtauro.com\/vl\/wp-json\/wp\/v2\/pages\/2404"}],"collection":[{"href":"https:\/\/campingtauro.com\/vl\/wp-json\/wp\/v2\/pages"}],"about":[{"href":"https:\/\/campingtauro.com\/vl\/wp-json\/wp\/v2\/types\/page"}],"author":[{"embeddable":true,"href":"https:\/\/campingtauro.com\/vl\/wp-json\/wp\/v2\/users\/1"}],"replies":[{"embeddable":true,"href":"https:\/\/campingtauro.com\/vl\/wp-json\/wp\/v2\/comments?post=2404"}],"version-history":[{"count":1,"href":"https:\/\/campingtauro.com\/vl\/wp-json\/wp\/v2\/pages\/2404\/revisions"}],"predecessor-version":[{"id":2405,"href":"https:\/\/campingtauro.com\/vl\/wp-json\/wp\/v2\/pages\/2404\/revisions\/2405"}],"wp:attachment":[{"href":"https:\/\/campingtauro.com\/vl\/wp-json\/wp\/v2\/media?parent=2404"}],"curies":[{"name":"wp","href":"https:\/\/api.w.org\/{rel}","templated":true}]}}