{"id":2292,"date":"2024-12-03T12:45:08","date_gmt":"2024-12-03T11:45:08","guid":{"rendered":"https:\/\/campingtauro.com\/bungalow-a-interes\/"},"modified":"2025-05-20T15:02:29","modified_gmt":"2025-05-20T13:02:29","slug":"bungalow-a-interes","status":"publish","type":"page","link":"https:\/\/campingtauro.com\/vl\/bungalow-a-interes\/","title":{"rendered":"Bungalow A Inter\u00e9s"},"content":{"rendered":"\t\t<div data-elementor-type=\"wp-page\" data-elementor-id=\"2292\" class=\"elementor elementor-2292 elementor-1372\" data-elementor-post-type=\"page\">\n\t\t\t\t<div class=\"elementor-element elementor-element-348a11c e-flex e-con-boxed e-con e-parent\" data-id=\"348a11c\" data-element_type=\"container\">\n\t\t\t\t\t<div class=\"e-con-inner\">\n\t\t<div class=\"elementor-element elementor-element-abe8cde e-con-full e-flex e-con e-child\" data-id=\"abe8cde\" data-element_type=\"container\">\n\t\t\t\t<div class=\"elementor-element elementor-element-d854088 elementor-widget elementor-widget-heading\" data-id=\"d854088\" data-element_type=\"widget\" data-widget_type=\"heading.default\">\n\t\t\t\t<div class=\"elementor-widget-container\">\n\t\t\t<style>\/*! elementor - v3.22.0 - 26-06-2024 *\/\n.elementor-heading-title{padding:0;margin:0;line-height:1}.elementor-widget-heading .elementor-heading-title[class*=elementor-size-]>a{color:inherit;font-size:inherit;line-height:inherit}.elementor-widget-heading .elementor-heading-title.elementor-size-small{font-size:15px}.elementor-widget-heading .elementor-heading-title.elementor-size-medium{font-size:19px}.elementor-widget-heading .elementor-heading-title.elementor-size-large{font-size:29px}.elementor-widget-heading .elementor-heading-title.elementor-size-xl{font-size:39px}.elementor-widget-heading .elementor-heading-title.elementor-size-xxl{font-size:59px}<\/style><h2 class=\"elementor-heading-title elementor-size-default\">Bungalow A<\/h2>\t\t<\/div>\n\t\t\t\t<\/div>\n\t\t\t\t<div class=\"elementor-element elementor-element-2b4692b elementor-widget elementor-widget-text-editor\" data-id=\"2b4692b\" data-element_type=\"widget\" data-widget_type=\"text-editor.default\">\n\t\t\t\t<div class=\"elementor-widget-container\">\n\t\t\t<style>\/*! elementor - v3.22.0 - 26-06-2024 *\/\n.elementor-widget-text-editor.elementor-drop-cap-view-stacked .elementor-drop-cap{background-color:#69727d;color:#fff}.elementor-widget-text-editor.elementor-drop-cap-view-framed .elementor-drop-cap{color:#69727d;border:3px solid;background-color:transparent}.elementor-widget-text-editor:not(.elementor-drop-cap-view-default) .elementor-drop-cap{margin-top:8px}.elementor-widget-text-editor:not(.elementor-drop-cap-view-default) .elementor-drop-cap-letter{width:1em;height:1em}.elementor-widget-text-editor .elementor-drop-cap{float:left;text-align:center;line-height:1;font-size:50px}.elementor-widget-text-editor .elementor-drop-cap-letter{display:inline-block}<\/style>\t\t\t\t<p style=\"text-align: left;\"><strong>\u00b7<\/strong> Bungalows amb capacitat de fins a 6 persones.<br \/><strong>\u00b7<\/strong> Distribu\u00efts en un sal\u00f3-cuina amb taula i cadires, TV i sof\u00e0 llit de 135 cm, una habitaci\u00f3 amb 2 llits individuals de 90 cm i una altra habitaci\u00f3 amb 1 llit de 135 cm.<br \/><strong>\u00b7<\/strong> Aire condicionat, WC i dutxa.<br \/><strong>\u00b7<\/strong> La cuina consta de fogons de gas, coberteria, vaixella, bateria de cuina i nevera.<br \/><strong>\u00b7<\/strong> Terrassa de 30 m\u00b2 amb mobiliari d&#8217;exterior i p\u00e0rquing per a 1 cotxe.<br \/><strong>\u00b7<\/strong> Los alojamientos est\u00e1n provistos de s\u00e1banas, pero no de toallas.<br \/><strong>\u00b7<\/strong> No s&#8217;admeten mascotes dins del bungalow.<\/p>\n\t\t\t\t\t\t<\/div>\n\t\t\t\t<\/div>\n\t\t\t\t<\/div>\n\t\t\t\t\t<\/div>\n\t\t\t\t<\/div>\n\t\t\t\t<\/div>\n\t\t","protected":false},"excerpt":{"rendered":"<p>Bungalow A \u00b7 Bungalows amb capacitat de fins a 6 persones.\u00b7 Distribu\u00efts en un sal\u00f3-cuina amb taula i cadires, TV [&hellip;]<\/p>\n","protected":false},"author":1,"featured_media":0,"parent":0,"menu_order":0,"comment_status":"closed","ping_status":"closed","template":"","meta":{"site-sidebar-layout":"no-sidebar","site-content-layout":"","ast-site-content-layout":"full-width-container","site-content-style":"default","site-sidebar-style":"default","ast-global-header-display":"","ast-banner-title-visibility":"","ast-main-header-display":"","ast-hfb-above-header-display":"","ast-hfb-below-header-display":"","ast-hfb-mobile-header-display":"","site-post-title":"disabled","ast-breadcrumbs-content":"","ast-featured-img":"disabled","footer-sml-layout":"","theme-transparent-header-meta":"default","adv-header-id-meta":"","stick-header-meta":"","header-above-stick-meta":"","header-main-stick-meta":"","header-below-stick-meta":"","astra-migrate-meta-layouts":"default","ast-page-background-enabled":"default","ast-page-background-meta":{"desktop":{"background-color":"var(--ast-global-color-4)","background-image":"","background-repeat":"repeat","background-position":"center center","background-size":"auto","background-attachment":"scroll","background-type":"","background-media":"","overlay-type":"","overlay-color":"","overlay-opacity":"","overlay-gradient":""},"tablet":{"background-color":"","background-image":"","background-repeat":"repeat","background-position":"center center","background-size":"auto","background-attachment":"scroll","background-type":"","background-media":"","overlay-type":"","overlay-color":"","overlay-opacity":"","overlay-gradient":""},"mobile":{"background-color":"","background-image":"","background-repeat":"repeat","background-position":"center center","background-size":"auto","background-attachment":"scroll","background-type":"","background-media":"","overlay-type":"","overlay-color":"","overlay-opacity":"","overlay-gradient":""}},"ast-content-background-meta":{"desktop":{"background-color":"var(--ast-global-color-5)","background-image":"","background-repeat":"repeat","background-position":"center center","background-size":"auto","background-attachment":"scroll","background-type":"","background-media":"","overlay-type":"","overlay-color":"","overlay-opacity":"","overlay-gradient":""},"tablet":{"background-color":"var(--ast-global-color-5)","background-image":"","background-repeat":"repeat","background-position":"center center","background-size":"auto","background-attachment":"scroll","background-type":"","background-media":"","overlay-type":"","overlay-color":"","overlay-opacity":"","overlay-gradient":""},"mobile":{"background-color":"var(--ast-global-color-5)","background-image":"","background-repeat":"repeat","background-position":"center center","background-size":"auto","background-attachment":"scroll","background-type":"","background-media":"","overlay-type":"","overlay-color":"","overlay-opacity":"","overlay-gradient":""}},"_joinchat":[],"footnotes":""},"yoast_head":"<!-- This site is optimized with the Yoast SEO plugin v22.9 - https:\/\/yoast.com\/wordpress\/plugins\/seo\/ -->\n<title>Bungalow A Inter\u00e9s - Camping Tauro<\/title>\n<meta name=\"robots\" content=\"index, follow, max-snippet:-1, max-image-preview:large, max-video-preview:-1\" \/>\n<link rel=\"canonical\" href=\"https:\/\/campingtauro.com\/vl\/bungalow-a-interes\/\" \/>\n<meta property=\"og:locale\" content=\"en_US\" \/>\n<meta property=\"og:type\" content=\"article\" \/>\n<meta property=\"og:title\" content=\"Bungalow A Inter\u00e9s - Camping Tauro\" \/>\n<meta property=\"og:description\" content=\"Bungalow A \u00b7 Bungalows amb capacitat de fins a 6 persones.\u00b7 Distribu\u00efts en un sal\u00f3-cuina amb taula i cadires, TV [&hellip;]\" \/>\n<meta property=\"og:url\" content=\"https:\/\/campingtauro.com\/vl\/bungalow-a-interes\/\" \/>\n<meta property=\"og:site_name\" content=\"Camping Tauro\" \/>\n<meta property=\"article:modified_time\" content=\"2025-05-20T13:02:29+00:00\" \/>\n<meta name=\"twitter:card\" content=\"summary_large_image\" \/>\n<script type=\"application\/ld+json\" class=\"yoast-schema-graph\">{\"@context\":\"https:\/\/schema.org\",\"@graph\":[{\"@type\":\"WebPage\",\"@id\":\"https:\/\/campingtauro.com\/vl\/bungalow-a-interes\/\",\"url\":\"https:\/\/campingtauro.com\/vl\/bungalow-a-interes\/\",\"name\":\"Bungalow A Inter\u00e9s - Camping Tauro\",\"isPartOf\":{\"@id\":\"https:\/\/campingtauro.com\/#website\"},\"datePublished\":\"2024-12-03T11:45:08+00:00\",\"dateModified\":\"2025-05-20T13:02:29+00:00\",\"breadcrumb\":{\"@id\":\"https:\/\/campingtauro.com\/vl\/bungalow-a-interes\/#breadcrumb\"},\"inLanguage\":\"vl-VL\",\"potentialAction\":[{\"@type\":\"ReadAction\",\"target\":[\"https:\/\/campingtauro.com\/vl\/bungalow-a-interes\/\"]}]},{\"@type\":\"BreadcrumbList\",\"@id\":\"https:\/\/campingtauro.com\/vl\/bungalow-a-interes\/#breadcrumb\",\"itemListElement\":[{\"@type\":\"ListItem\",\"position\":1,\"name\":\"Portada\",\"item\":\"https:\/\/campingtauro.com\/vl\/inici\/\"},{\"@type\":\"ListItem\",\"position\":2,\"name\":\"Bungalow A Inter\u00e9s\"}]},{\"@type\":\"WebSite\",\"@id\":\"https:\/\/campingtauro.com\/#website\",\"url\":\"https:\/\/campingtauro.com\/\",\"name\":\"Camping Tauro\",\"description\":\"Alquiler de parcelas y bungalows en Benic\u00e0ssim\",\"publisher\":{\"@id\":\"https:\/\/campingtauro.com\/#organization\"},\"potentialAction\":[{\"@type\":\"SearchAction\",\"target\":{\"@type\":\"EntryPoint\",\"urlTemplate\":\"https:\/\/campingtauro.com\/?s={search_term_string}\"},\"query-input\":\"required name=search_term_string\"}],\"inLanguage\":\"vl-VL\"},{\"@type\":\"Organization\",\"@id\":\"https:\/\/campingtauro.com\/#organization\",\"name\":\"Camping Tauro\",\"url\":\"https:\/\/campingtauro.com\/\",\"logo\":{\"@type\":\"ImageObject\",\"inLanguage\":\"vl-VL\",\"@id\":\"https:\/\/campingtauro.com\/#\/schema\/logo\/image\/\",\"url\":\"https:\/\/campingtauro.com\/wp-content\/uploads\/2024\/11\/cropped-Logo-camping-tauro.png\",\"contentUrl\":\"https:\/\/campingtauro.com\/wp-content\/uploads\/2024\/11\/cropped-Logo-camping-tauro.png\",\"width\":350,\"height\":101,\"caption\":\"Camping Tauro\"},\"image\":{\"@id\":\"https:\/\/campingtauro.com\/#\/schema\/logo\/image\/\"}}]}<\/script>\n<!-- \/ Yoast SEO plugin. -->","yoast_head_json":{"title":"Bungalow A Inter\u00e9s - Camping Tauro","robots":{"index":"index","follow":"follow","max-snippet":"max-snippet:-1","max-image-preview":"max-image-preview:large","max-video-preview":"max-video-preview:-1"},"canonical":"https:\/\/campingtauro.com\/vl\/bungalow-a-interes\/","og_locale":"en_US","og_type":"article","og_title":"Bungalow A Inter\u00e9s - Camping Tauro","og_description":"Bungalow A \u00b7 Bungalows amb capacitat de fins a 6 persones.\u00b7 Distribu\u00efts en un sal\u00f3-cuina amb taula i cadires, TV [&hellip;]","og_url":"https:\/\/campingtauro.com\/vl\/bungalow-a-interes\/","og_site_name":"Camping Tauro","article_modified_time":"2025-05-20T13:02:29+00:00","twitter_card":"summary_large_image","schema":{"@context":"https:\/\/schema.org","@graph":[{"@type":"WebPage","@id":"https:\/\/campingtauro.com\/vl\/bungalow-a-interes\/","url":"https:\/\/campingtauro.com\/vl\/bungalow-a-interes\/","name":"Bungalow A Inter\u00e9s - Camping Tauro","isPartOf":{"@id":"https:\/\/campingtauro.com\/#website"},"datePublished":"2024-12-03T11:45:08+00:00","dateModified":"2025-05-20T13:02:29+00:00","breadcrumb":{"@id":"https:\/\/campingtauro.com\/vl\/bungalow-a-interes\/#breadcrumb"},"inLanguage":"vl-VL","potentialAction":[{"@type":"ReadAction","target":["https:\/\/campingtauro.com\/vl\/bungalow-a-interes\/"]}]},{"@type":"BreadcrumbList","@id":"https:\/\/campingtauro.com\/vl\/bungalow-a-interes\/#breadcrumb","itemListElement":[{"@type":"ListItem","position":1,"name":"Portada","item":"https:\/\/campingtauro.com\/vl\/inici\/"},{"@type":"ListItem","position":2,"name":"Bungalow A Inter\u00e9s"}]},{"@type":"WebSite","@id":"https:\/\/campingtauro.com\/#website","url":"https:\/\/campingtauro.com\/","name":"Camping Tauro","description":"Alquiler de parcelas y bungalows en Benic\u00e0ssim","publisher":{"@id":"https:\/\/campingtauro.com\/#organization"},"potentialAction":[{"@type":"SearchAction","target":{"@type":"EntryPoint","urlTemplate":"https:\/\/campingtauro.com\/?s={search_term_string}"},"query-input":"required name=search_term_string"}],"inLanguage":"vl-VL"},{"@type":"Organization","@id":"https:\/\/campingtauro.com\/#organization","name":"Camping Tauro","url":"https:\/\/campingtauro.com\/","logo":{"@type":"ImageObject","inLanguage":"vl-VL","@id":"https:\/\/campingtauro.com\/#\/schema\/logo\/image\/","url":"https:\/\/campingtauro.com\/wp-content\/uploads\/2024\/11\/cropped-Logo-camping-tauro.png","contentUrl":"https:\/\/campingtauro.com\/wp-content\/uploads\/2024\/11\/cropped-Logo-camping-tauro.png","width":350,"height":101,"caption":"Camping Tauro"},"image":{"@id":"https:\/\/campingtauro.com\/#\/schema\/logo\/image\/"}}]}},"_links":{"self":[{"href":"https:\/\/campingtauro.com\/vl\/wp-json\/wp\/v2\/pages\/2292"}],"collection":[{"href":"https:\/\/campingtauro.com\/vl\/wp-json\/wp\/v2\/pages"}],"about":[{"href":"https:\/\/campingtauro.com\/vl\/wp-json\/wp\/v2\/types\/page"}],"author":[{"embeddable":true,"href":"https:\/\/campingtauro.com\/vl\/wp-json\/wp\/v2\/users\/1"}],"replies":[{"embeddable":true,"href":"https:\/\/campingtauro.com\/vl\/wp-json\/wp\/v2\/comments?post=2292"}],"version-history":[{"count":1,"href":"https:\/\/campingtauro.com\/vl\/wp-json\/wp\/v2\/pages\/2292\/revisions"}],"predecessor-version":[{"id":2293,"href":"https:\/\/campingtauro.com\/vl\/wp-json\/wp\/v2\/pages\/2292\/revisions\/2293"}],"wp:attachment":[{"href":"https:\/\/campingtauro.com\/vl\/wp-json\/wp\/v2\/media?parent=2292"}],"curies":[{"name":"wp","href":"https:\/\/api.w.org\/{rel}","templated":true}]}}