{"id":2400,"date":"2024-12-02T09:38:39","date_gmt":"2024-12-02T08:38:39","guid":{"rendered":"https:\/\/campingtauro.com\/la-terrasse\/"},"modified":"2025-05-20T17:44:10","modified_gmt":"2025-05-20T15:44:10","slug":"la-terrasse","status":"publish","type":"page","link":"https:\/\/campingtauro.com\/fr\/la-terrasse\/","title":{"rendered":"La Terrasse"},"content":{"rendered":"\t\t<div data-elementor-type=\"wp-page\" data-elementor-id=\"2400\" class=\"elementor elementor-2400 elementor-1214\" data-elementor-post-type=\"page\">\n\t\t\t\t<div class=\"elementor-element elementor-element-6eb0bf8 e-flex e-con-boxed e-con e-parent\" data-id=\"6eb0bf8\" data-element_type=\"container\" data-settings=\"{&quot;background_background&quot;:&quot;classic&quot;}\">\n\t\t\t\t\t<div class=\"e-con-inner\">\n\t\t\t\t<div class=\"elementor-element elementor-element-9b5e415 elementor-widget elementor-widget-heading\" data-id=\"9b5e415\" data-element_type=\"widget\" data-widget_type=\"heading.default\">\n\t\t\t\t<div class=\"elementor-widget-container\">\n\t\t\t<style>\/*! elementor - v3.22.0 - 26-06-2024 *\/\n.elementor-heading-title{padding:0;margin:0;line-height:1}.elementor-widget-heading .elementor-heading-title[class*=elementor-size-]>a{color:inherit;font-size:inherit;line-height:inherit}.elementor-widget-heading .elementor-heading-title.elementor-size-small{font-size:15px}.elementor-widget-heading .elementor-heading-title.elementor-size-medium{font-size:19px}.elementor-widget-heading .elementor-heading-title.elementor-size-large{font-size:29px}.elementor-widget-heading .elementor-heading-title.elementor-size-xl{font-size:39px}.elementor-widget-heading .elementor-heading-title.elementor-size-xxl{font-size:59px}<\/style><h2 class=\"elementor-heading-title elementor-size-default\">La Terrasse<\/h2>\t\t<\/div>\n\t\t\t\t<\/div>\n\t\t\t\t\t<\/div>\n\t\t\t\t<\/div>\n\t\t<div class=\"elementor-element elementor-element-1d2c10b e-flex e-con-boxed e-con e-parent\" data-id=\"1d2c10b\" data-element_type=\"container\">\n\t\t\t\t\t<div class=\"e-con-inner\">\n\t\t<div class=\"elementor-element elementor-element-1b9ad0f e-con-full e-flex e-con e-child\" data-id=\"1b9ad0f\" data-element_type=\"container\">\n\t\t\t\t<div class=\"elementor-element elementor-element-077f1e0 elementor-widget elementor-widget-heading\" data-id=\"077f1e0\" data-element_type=\"widget\" data-widget_type=\"heading.default\">\n\t\t\t\t<div class=\"elementor-widget-container\">\n\t\t\t<h2 class=\"elementor-heading-title elementor-size-default\">Notre \u00ab Terracita \u00bb rejoint le label \u00ab le plus exquis de la M\u00e9diterran\u00e9e \u00bb.\n<\/h2>\t\t<\/div>\n\t\t\t\t<\/div>\n\t\t\t\t<div class=\"elementor-element elementor-element-010a9e3 elementor-widget elementor-widget-text-editor\" data-id=\"010a9e3\" data-element_type=\"widget\" data-widget_type=\"text-editor.default\">\n\t\t\t\t<div class=\"elementor-widget-container\">\n\t\t\t<style>\/*! elementor - v3.22.0 - 26-06-2024 *\/\n.elementor-widget-text-editor.elementor-drop-cap-view-stacked .elementor-drop-cap{background-color:#69727d;color:#fff}.elementor-widget-text-editor.elementor-drop-cap-view-framed .elementor-drop-cap{color:#69727d;border:3px solid;background-color:transparent}.elementor-widget-text-editor:not(.elementor-drop-cap-view-default) .elementor-drop-cap{margin-top:8px}.elementor-widget-text-editor:not(.elementor-drop-cap-view-default) .elementor-drop-cap-letter{width:1em;height:1em}.elementor-widget-text-editor .elementor-drop-cap{float:left;text-align:center;line-height:1;font-size:50px}.elementor-widget-text-editor .elementor-drop-cap-letter{display:inline-block}<\/style>\t\t\t\t<p style=\"text-align: left;\">Notre Restaurant La Terracita fait partie du r\u00e9seau L\u2019Exquisit Mediterrani ; une initiative de tourisme gastronomique de la Communaut\u00e9 Valencienne.<br \/>Nous sommes tr\u00e8s heureux de partager avec vous ce label distinctif, qui reconna\u00eet notre engagement envers les produits locaux, mettant en valeur la cuisine locale et promouvant notre culture culinaire.<\/p>\n\t\t\t\t\t\t<\/div>\n\t\t\t\t<\/div>\n\t\t\t\t<\/div>\n\t\t\t\t\t<\/div>\n\t\t\t\t<\/div>\n\t\t<div class=\"elementor-element elementor-element-8eb21bc e-flex e-con-boxed e-con e-parent\" data-id=\"8eb21bc\" data-element_type=\"container\">\n\t\t\t\t\t<div class=\"e-con-inner\">\n\t\t\t\t<div class=\"elementor-element elementor-element-26d0e3a elementor-widget elementor-widget-text-editor\" data-id=\"26d0e3a\" data-element_type=\"widget\" data-widget_type=\"text-editor.default\">\n\t\t\t\t<div class=\"elementor-widget-container\">\n\t\t\t\t\t\t\t<p><span style=\"color: #6db812;\"><strong>Qu\u2019est-ce que l\u2019Exquisit Mediterrani ?<\/strong><\/span><\/p>\n<p>La marque \u00ab Comunitat Valenciana \u2013 L\u2019Exquisit Mediterrani \u00bb est l\u2019\u00e9l\u00e9ment central qui repr\u00e9sente les valeurs de notre excellente gastronomie : <strong>la plus exquise de la M\u00e9diterran\u00e9e.<\/strong> C&rsquo;est la base des messages et des actions promotionnelles pour les exp\u00e9riences touristiques li\u00e9es \u00e0 notre gastronomie valencienne, avec des param\u00e8tres de qualit\u00e9 et d&rsquo;authenticit\u00e9.<\/p>\n<p>Il convient de rappeler que la Communaut\u00e9 Valencienne poss\u00e8de une culture culinaire tr\u00e8s valoris\u00e9e. Des recettes internationales comme les plats de riz et la paella, des produits agricoles diversifi\u00e9s et de haute qualit\u00e9, un secteur h\u00f4telier consolid\u00e9 et, ces derni\u00e8res ann\u00e9es, un nombre important de chefs, leaders d&rsquo;un mouvement gastronomique auquel ils apportent cr\u00e9ativit\u00e9 et excellence.<\/p>\n<p>La cuisine valencienne est reconnue comme une ressource touristique de premier ordre. Une attraction touristique qui renforce l\u2019essence et les valeurs du style de vie qui nous d\u00e9finit comme destination m\u00e9diterran\u00e9enne : hospitali\u00e8re et saine. En plus de refl\u00e9ter un <a href=\"https:\/\/ich.unesco.org\/es\/RL\/la-dieta-mediterranea-00884\">r\u00e9gime m\u00e9diterran\u00e9en<\/a> d\u00e9clar\u00e9 par l&rsquo;UNESCO comme patrimoine immat\u00e9riel de l&rsquo;humanit\u00e9.<\/p>\n\t\t\t\t\t\t<\/div>\n\t\t\t\t<\/div>\n\t\t\t\t\t<\/div>\n\t\t\t\t<\/div>\n\t\t\t\t<\/div>\n\t\t","protected":false},"excerpt":{"rendered":"<p>La Terrasse Notre \u00ab Terracita \u00bb rejoint le label \u00ab le plus exquis de la M\u00e9diterran\u00e9e \u00bb. Notre Restaurant La [&hellip;]<\/p>\n","protected":false},"author":1,"featured_media":0,"parent":0,"menu_order":0,"comment_status":"closed","ping_status":"closed","template":"","meta":{"site-sidebar-layout":"no-sidebar","site-content-layout":"","ast-site-content-layout":"full-width-container","site-content-style":"default","site-sidebar-style":"default","ast-global-header-display":"","ast-banner-title-visibility":"","ast-main-header-display":"","ast-hfb-above-header-display":"","ast-hfb-below-header-display":"","ast-hfb-mobile-header-display":"","site-post-title":"disabled","ast-breadcrumbs-content":"","ast-featured-img":"disabled","footer-sml-layout":"","theme-transparent-header-meta":"default","adv-header-id-meta":"","stick-header-meta":"","header-above-stick-meta":"","header-main-stick-meta":"","header-below-stick-meta":"","astra-migrate-meta-layouts":"default","ast-page-background-enabled":"default","ast-page-background-meta":{"desktop":{"background-color":"var(--ast-global-color-4)","background-image":"","background-repeat":"repeat","background-position":"center center","background-size":"auto","background-attachment":"scroll","background-type":"","background-media":"","overlay-type":"","overlay-color":"","overlay-opacity":"","overlay-gradient":""},"tablet":{"background-color":"","background-image":"","background-repeat":"repeat","background-position":"center center","background-size":"auto","background-attachment":"scroll","background-type":"","background-media":"","overlay-type":"","overlay-color":"","overlay-opacity":"","overlay-gradient":""},"mobile":{"background-color":"","background-image":"","background-repeat":"repeat","background-position":"center center","background-size":"auto","background-attachment":"scroll","background-type":"","background-media":"","overlay-type":"","overlay-color":"","overlay-opacity":"","overlay-gradient":""}},"ast-content-background-meta":{"desktop":{"background-color":"var(--ast-global-color-5)","background-image":"","background-repeat":"repeat","background-position":"center center","background-size":"auto","background-attachment":"scroll","background-type":"","background-media":"","overlay-type":"","overlay-color":"","overlay-opacity":"","overlay-gradient":""},"tablet":{"background-color":"var(--ast-global-color-5)","background-image":"","background-repeat":"repeat","background-position":"center center","background-size":"auto","background-attachment":"scroll","background-type":"","background-media":"","overlay-type":"","overlay-color":"","overlay-opacity":"","overlay-gradient":""},"mobile":{"background-color":"var(--ast-global-color-5)","background-image":"","background-repeat":"repeat","background-position":"center center","background-size":"auto","background-attachment":"scroll","background-type":"","background-media":"","overlay-type":"","overlay-color":"","overlay-opacity":"","overlay-gradient":""}},"_joinchat":[],"footnotes":""},"yoast_head":"<!-- This site is optimized with the Yoast SEO plugin v22.9 - https:\/\/yoast.com\/wordpress\/plugins\/seo\/ -->\n<title>La Terrasse - Camping Tauro<\/title>\n<meta name=\"robots\" content=\"index, follow, max-snippet:-1, max-image-preview:large, max-video-preview:-1\" \/>\n<link rel=\"canonical\" href=\"https:\/\/campingtauro.com\/fr\/la-terrasse\/\" \/>\n<meta property=\"og:locale\" content=\"fr_FR\" \/>\n<meta property=\"og:type\" content=\"article\" \/>\n<meta property=\"og:title\" content=\"La Terrasse - Camping Tauro\" \/>\n<meta property=\"og:description\" content=\"La Terrasse Notre \u00ab Terracita \u00bb rejoint le label \u00ab le plus exquis de la M\u00e9diterran\u00e9e \u00bb. Notre Restaurant La [&hellip;]\" \/>\n<meta property=\"og:url\" content=\"https:\/\/campingtauro.com\/fr\/la-terrasse\/\" \/>\n<meta property=\"og:site_name\" content=\"Camping Tauro\" \/>\n<meta property=\"article:modified_time\" content=\"2025-05-20T15:44:10+00:00\" \/>\n<meta name=\"twitter:card\" content=\"summary_large_image\" \/>\n<meta name=\"twitter:label1\" content=\"Dur\u00e9e de lecture estim\u00e9e\" \/>\n\t<meta name=\"twitter:data1\" content=\"1 minute\" \/>\n<script type=\"application\/ld+json\" class=\"yoast-schema-graph\">{\"@context\":\"https:\/\/schema.org\",\"@graph\":[{\"@type\":\"WebPage\",\"@id\":\"https:\/\/campingtauro.com\/fr\/la-terrasse\/\",\"url\":\"https:\/\/campingtauro.com\/fr\/la-terrasse\/\",\"name\":\"La Terrasse - Camping Tauro\",\"isPartOf\":{\"@id\":\"https:\/\/campingtauro.com\/#website\"},\"datePublished\":\"2024-12-02T08:38:39+00:00\",\"dateModified\":\"2025-05-20T15:44:10+00:00\",\"breadcrumb\":{\"@id\":\"https:\/\/campingtauro.com\/fr\/la-terrasse\/#breadcrumb\"},\"inLanguage\":\"fr-FR\",\"potentialAction\":[{\"@type\":\"ReadAction\",\"target\":[\"https:\/\/campingtauro.com\/fr\/la-terrasse\/\"]}]},{\"@type\":\"BreadcrumbList\",\"@id\":\"https:\/\/campingtauro.com\/fr\/la-terrasse\/#breadcrumb\",\"itemListElement\":[{\"@type\":\"ListItem\",\"position\":1,\"name\":\"Portada\",\"item\":\"https:\/\/campingtauro.com\/fr\/commencer\/\"},{\"@type\":\"ListItem\",\"position\":2,\"name\":\"La Terrasse\"}]},{\"@type\":\"WebSite\",\"@id\":\"https:\/\/campingtauro.com\/#website\",\"url\":\"https:\/\/campingtauro.com\/\",\"name\":\"Camping Tauro\",\"description\":\"Alquiler de parcelas y bungalows en Benic\u00e0ssim\",\"publisher\":{\"@id\":\"https:\/\/campingtauro.com\/#organization\"},\"potentialAction\":[{\"@type\":\"SearchAction\",\"target\":{\"@type\":\"EntryPoint\",\"urlTemplate\":\"https:\/\/campingtauro.com\/?s={search_term_string}\"},\"query-input\":\"required name=search_term_string\"}],\"inLanguage\":\"fr-FR\"},{\"@type\":\"Organization\",\"@id\":\"https:\/\/campingtauro.com\/#organization\",\"name\":\"Camping Tauro\",\"url\":\"https:\/\/campingtauro.com\/\",\"logo\":{\"@type\":\"ImageObject\",\"inLanguage\":\"fr-FR\",\"@id\":\"https:\/\/campingtauro.com\/#\/schema\/logo\/image\/\",\"url\":\"https:\/\/campingtauro.com\/wp-content\/uploads\/2024\/11\/cropped-Logo-camping-tauro.png\",\"contentUrl\":\"https:\/\/campingtauro.com\/wp-content\/uploads\/2024\/11\/cropped-Logo-camping-tauro.png\",\"width\":350,\"height\":101,\"caption\":\"Camping Tauro\"},\"image\":{\"@id\":\"https:\/\/campingtauro.com\/#\/schema\/logo\/image\/\"}}]}<\/script>\n<!-- \/ Yoast SEO plugin. -->","yoast_head_json":{"title":"La Terrasse - Camping Tauro","robots":{"index":"index","follow":"follow","max-snippet":"max-snippet:-1","max-image-preview":"max-image-preview:large","max-video-preview":"max-video-preview:-1"},"canonical":"https:\/\/campingtauro.com\/fr\/la-terrasse\/","og_locale":"fr_FR","og_type":"article","og_title":"La Terrasse - Camping Tauro","og_description":"La Terrasse Notre \u00ab Terracita \u00bb rejoint le label \u00ab le plus exquis de la M\u00e9diterran\u00e9e \u00bb. Notre Restaurant La [&hellip;]","og_url":"https:\/\/campingtauro.com\/fr\/la-terrasse\/","og_site_name":"Camping Tauro","article_modified_time":"2025-05-20T15:44:10+00:00","twitter_card":"summary_large_image","twitter_misc":{"Dur\u00e9e de lecture estim\u00e9e":"1 minute"},"schema":{"@context":"https:\/\/schema.org","@graph":[{"@type":"WebPage","@id":"https:\/\/campingtauro.com\/fr\/la-terrasse\/","url":"https:\/\/campingtauro.com\/fr\/la-terrasse\/","name":"La Terrasse - Camping Tauro","isPartOf":{"@id":"https:\/\/campingtauro.com\/#website"},"datePublished":"2024-12-02T08:38:39+00:00","dateModified":"2025-05-20T15:44:10+00:00","breadcrumb":{"@id":"https:\/\/campingtauro.com\/fr\/la-terrasse\/#breadcrumb"},"inLanguage":"fr-FR","potentialAction":[{"@type":"ReadAction","target":["https:\/\/campingtauro.com\/fr\/la-terrasse\/"]}]},{"@type":"BreadcrumbList","@id":"https:\/\/campingtauro.com\/fr\/la-terrasse\/#breadcrumb","itemListElement":[{"@type":"ListItem","position":1,"name":"Portada","item":"https:\/\/campingtauro.com\/fr\/commencer\/"},{"@type":"ListItem","position":2,"name":"La Terrasse"}]},{"@type":"WebSite","@id":"https:\/\/campingtauro.com\/#website","url":"https:\/\/campingtauro.com\/","name":"Camping Tauro","description":"Alquiler de parcelas y bungalows en Benic\u00e0ssim","publisher":{"@id":"https:\/\/campingtauro.com\/#organization"},"potentialAction":[{"@type":"SearchAction","target":{"@type":"EntryPoint","urlTemplate":"https:\/\/campingtauro.com\/?s={search_term_string}"},"query-input":"required name=search_term_string"}],"inLanguage":"fr-FR"},{"@type":"Organization","@id":"https:\/\/campingtauro.com\/#organization","name":"Camping Tauro","url":"https:\/\/campingtauro.com\/","logo":{"@type":"ImageObject","inLanguage":"fr-FR","@id":"https:\/\/campingtauro.com\/#\/schema\/logo\/image\/","url":"https:\/\/campingtauro.com\/wp-content\/uploads\/2024\/11\/cropped-Logo-camping-tauro.png","contentUrl":"https:\/\/campingtauro.com\/wp-content\/uploads\/2024\/11\/cropped-Logo-camping-tauro.png","width":350,"height":101,"caption":"Camping Tauro"},"image":{"@id":"https:\/\/campingtauro.com\/#\/schema\/logo\/image\/"}}]}},"_links":{"self":[{"href":"https:\/\/campingtauro.com\/fr\/wp-json\/wp\/v2\/pages\/2400"}],"collection":[{"href":"https:\/\/campingtauro.com\/fr\/wp-json\/wp\/v2\/pages"}],"about":[{"href":"https:\/\/campingtauro.com\/fr\/wp-json\/wp\/v2\/types\/page"}],"author":[{"embeddable":true,"href":"https:\/\/campingtauro.com\/fr\/wp-json\/wp\/v2\/users\/1"}],"replies":[{"embeddable":true,"href":"https:\/\/campingtauro.com\/fr\/wp-json\/wp\/v2\/comments?post=2400"}],"version-history":[{"count":1,"href":"https:\/\/campingtauro.com\/fr\/wp-json\/wp\/v2\/pages\/2400\/revisions"}],"predecessor-version":[{"id":2401,"href":"https:\/\/campingtauro.com\/fr\/wp-json\/wp\/v2\/pages\/2400\/revisions\/2401"}],"wp:attachment":[{"href":"https:\/\/campingtauro.com\/fr\/wp-json\/wp\/v2\/media?parent=2400"}],"curies":[{"name":"wp","href":"https:\/\/api.w.org\/{rel}","templated":true}]}}