{"id":2259,"date":"2024-06-26T18:00:32","date_gmt":"2024-06-26T16:00:32","guid":{"rendered":"https:\/\/campingtauro.com\/aviso-legal\/"},"modified":"2025-05-20T14:54:03","modified_gmt":"2025-05-20T12:54:03","slug":"aviso-legal","status":"publish","type":"page","link":"https:\/\/campingtauro.com\/fr\/aviso-legal\/","title":{"rendered":"Aviso Legal"},"content":{"rendered":"\t\t<div data-elementor-type=\"wp-page\" data-elementor-id=\"2259\" class=\"elementor elementor-2259 elementor-26\" data-elementor-post-type=\"page\">\n\t\t\t\t<div class=\"elementor-element elementor-element-bdf5f96 e-flex e-con-boxed e-con e-parent\" data-id=\"bdf5f96\" data-element_type=\"container\" data-settings=\"{&quot;background_background&quot;:&quot;classic&quot;}\">\n\t\t\t\t\t<div class=\"e-con-inner\">\n\t\t\t\t<div class=\"elementor-element elementor-element-20095b7 elementor-widget elementor-widget-heading\" data-id=\"20095b7\" data-element_type=\"widget\" data-widget_type=\"heading.default\">\n\t\t\t\t<div class=\"elementor-widget-container\">\n\t\t\t<style>\/*! elementor - v3.22.0 - 26-06-2024 *\/\n.elementor-heading-title{padding:0;margin:0;line-height:1}.elementor-widget-heading .elementor-heading-title[class*=elementor-size-]>a{color:inherit;font-size:inherit;line-height:inherit}.elementor-widget-heading .elementor-heading-title.elementor-size-small{font-size:15px}.elementor-widget-heading .elementor-heading-title.elementor-size-medium{font-size:19px}.elementor-widget-heading .elementor-heading-title.elementor-size-large{font-size:29px}.elementor-widget-heading .elementor-heading-title.elementor-size-xl{font-size:39px}.elementor-widget-heading .elementor-heading-title.elementor-size-xxl{font-size:59px}<\/style><h2 class=\"elementor-heading-title elementor-size-default\">Mentions l\u00e9gales<\/h2>\t\t<\/div>\n\t\t\t\t<\/div>\n\t\t\t\t\t<\/div>\n\t\t\t\t<\/div>\n\t\t<div class=\"elementor-element elementor-element-adf409d e-flex e-con-boxed e-con e-parent\" data-id=\"adf409d\" data-element_type=\"container\">\n\t\t\t\t\t<div class=\"e-con-inner\">\n\t\t<div class=\"elementor-element elementor-element-30853a0 e-con-full e-flex e-con e-child\" data-id=\"30853a0\" data-element_type=\"container\">\n\t\t\t\t<div class=\"elementor-element elementor-element-2f7e1fc elementor-widget elementor-widget-text-editor\" data-id=\"2f7e1fc\" data-element_type=\"widget\" data-widget_type=\"text-editor.default\">\n\t\t\t\t<div class=\"elementor-widget-container\">\n\t\t\t<style>\/*! elementor - v3.22.0 - 26-06-2024 *\/\n.elementor-widget-text-editor.elementor-drop-cap-view-stacked .elementor-drop-cap{background-color:#69727d;color:#fff}.elementor-widget-text-editor.elementor-drop-cap-view-framed .elementor-drop-cap{color:#69727d;border:3px solid;background-color:transparent}.elementor-widget-text-editor:not(.elementor-drop-cap-view-default) .elementor-drop-cap{margin-top:8px}.elementor-widget-text-editor:not(.elementor-drop-cap-view-default) .elementor-drop-cap-letter{width:1em;height:1em}.elementor-widget-text-editor .elementor-drop-cap{float:left;text-align:center;line-height:1;font-size:50px}.elementor-widget-text-editor .elementor-drop-cap-letter{display:inline-block}<\/style>\t\t\t\t<p>Conform\u00e9ment \u00e0 l&rsquo;article 10 de la loi 34\/2002 du 11 juillet sur les services de la soci\u00e9t\u00e9 de l&rsquo;information et du commerce \u00e9lectronique, nous vous informons que le propri\u00e9taire du site Web campingtauro.com est Tauro Camping Caravaning S.L. avec NIF B12348348, et dont le si\u00e8ge social est \u00e0 Benicasim, Gran Avenue Jaume I 295 (Castell\u00f3n).<br \/>Les utilisateurs du site Web peuvent contacter les propri\u00e9taires de campingtauro.com par e-mail \u00e0 tauro@campingsbenicasim.com ou par t\u00e9l\u00e9phone au 964 39 29 67.<\/p><p>UTILISATION DU SITE WEB ET ACCEPTATION<br \/>L&rsquo;acc\u00e8s et\/ou l&rsquo;utilisation du site campingtauro.com conf\u00e8re \u00e0 l&rsquo;utilisateur la condition d&rsquo;utilisateur et implique l&rsquo;acceptation pleine et sans r\u00e9serve par l&rsquo;utilisateur de chacune des conditions contenues dans le pr\u00e9sent avis juridique.<br \/>Le contenu de la pr\u00e9sente notice l\u00e9gale peut \u00eatre sujet \u00e0 des modifications. Chaque fois que l&rsquo;utilisateur acc\u00e8de au Site Web, il doit lire attentivement le pr\u00e9sent Avis L\u00e9gal.<br \/>De m\u00eame, l&rsquo;acc\u00e8s au site campingtauro.com est soumis \u00e0 tous les avis, conditions d&rsquo;utilisation et instructions port\u00e9s \u00e0 la connaissance de l&rsquo;utilisateur par campingtauro.com qui remplacent, compl\u00e8tent et\/ou modifient les pr\u00e9sentes mentions l\u00e9gales.<\/p><p>CONDITIONS G\u00c9N\u00c9RALES<br \/>L&rsquo;utilisateur s&rsquo;engage \u00e0 utiliser les services et contenus fournis par le site Web conform\u00e9ment \u00e0 la l\u00e9gislation en vigueur et aux principes de bonne foi et aux pratiques g\u00e9n\u00e9ralement accept\u00e9es, et \u00e0 ne pas violer les lois en vigueur par ses actions via le site Web. Par cons\u00e9quent, toute utilisation \u00e0 des fins ill\u00e9gales ou pouvant nuire \u00e0 des tiers de quelque mani\u00e8re que ce soit est interdite.<br \/>L&rsquo;utilisateur garantit l&rsquo;authenticit\u00e9 et la v\u00e9racit\u00e9 de toutes les donn\u00e9es personnelles fournies lors du remplissage du formulaire. L&rsquo;utilisateur s&rsquo;engage et est responsable de maintenir toutes les informations fournies d&rsquo;une mani\u00e8re qui refl\u00e8te sa situation actuelle \u00e0 tout moment. Le traitement des donn\u00e9es personnelles fournies par l&rsquo;utilisateur sera effectu\u00e9 par campingtauro.com conform\u00e9ment \u00e0 la politique de confidentialit\u00e9 contenue sur ce site Web.<br \/>L&rsquo;utilisateur sera seul responsable de l&rsquo;utilisation de ce site et du respect des pr\u00e9sentes conditions g\u00e9n\u00e9rales dans leur int\u00e9gralit\u00e9. En cons\u00e9quence, l&rsquo;utilisateur s&rsquo;engage \u00e0 conserver ses codes d&rsquo;acc\u00e8s, mots de passe ou donn\u00e9es similaires attribu\u00e9s pour acc\u00e9der \u00e0 l&rsquo;un des services fournis par campingtauro.com comme des informations confidentielles et r\u00e9serv\u00e9es, et est responsable de tout dommage de toute nature d\u00e9coulant d&rsquo;une mauvaise utilisation par lui-m\u00eame ou par des tiers.<br \/>campingtauro.com ne garantit ni n&rsquo;accepte aucune responsabilit\u00e9, en aucun cas, pour les faits et contenus suivants, ni pour les dommages qui pourraient en d\u00e9couler :<br \/>\u00b7 Le manque de disponibilit\u00e9, de continuit\u00e9, d&rsquo;acc\u00e8s, de maintenance et de fonctionnement efficace du site Web ou de ses services, ainsi que la mise \u00e0 jour, l&rsquo;exactitude, l&rsquo;exhaustivit\u00e9 ou la pertinence de son contenu, quelle qu&rsquo;en soit la cause, et toute difficult\u00e9 ou probl\u00e8me technique ou autre pouvant donner lieu \u00e0 de tels \u00e9v\u00e9nements.<br \/>\u00b7 La transmission et\/ou l&rsquo;existence de virus, d&rsquo;autres \u00e9l\u00e9ments ou programmes nuisibles \u00e0 l&rsquo;\u00e9quipement des utilisateurs et qui pourraient les affecter suite \u00e0 l&rsquo;acc\u00e8s, l&rsquo;utilisation ou la navigation sur le site, ou qui pourraient provoquer des alt\u00e9rations de leurs documents ou fichiers \u00e9lectroniques.<br \/>\u00b7 De l&rsquo;utilisation illicite, n\u00e9gligente, frauduleuse, de l&rsquo;usurpation d&rsquo;identit\u00e9 d&rsquo;un tiers ou de toute utilisation contraire au contenu des pr\u00e9sentes conditions g\u00e9n\u00e9rales, \u00e0 la bonne foi, aux usages g\u00e9n\u00e9ralement accept\u00e9s ou \u00e0 l&rsquo;ordre public du site Web, de ses services et de son contenu par les utilisateurs.<br \/>\u00b7 Pour la connaissance de toute information que des tiers non autoris\u00e9s pourraient poss\u00e9der ou utiliser concernant les caract\u00e9ristiques et les circonstances de l&rsquo;utilisation des contenus et services de campingtauro.com par les utilisateurs.<br \/>De m\u00eame, la reproduction, la distribution, la transmission, l&rsquo;adaptation ou la modification, par quelque moyen et sous quelque forme que ce soit, du contenu du site Web (textes, dessins, graphiques, informations, bases de donn\u00e9es, logos, etc.) et des autres \u00e9l\u00e9ments de ce site sont interdites, sauf autorisation pr\u00e9alable de leurs propri\u00e9taires l\u00e9gitimes ou lorsque la loi le permet.<br \/>La liste ci-dessus est purement illustrative et n&rsquo;est en aucun cas exclusive ou excluante sur aucun de ses points.<br \/>Dans tous les cas, campingtauro.com se r\u00e9serve le droit de refuser l&rsquo;acc\u00e8s \u00e0 ce site aux utilisateurs qui ne respecteraient pas l&rsquo;une quelconque des pr\u00e9sentes conditions g\u00e9n\u00e9rales ou les conditions particuli\u00e8res qui leur seraient applicables.<\/p><p>POLITIQUE DE CONFIDENTIALIT\u00c9<br \/>Les donn\u00e9es personnelles fournies par l&rsquo;utilisateur via les formulaires de ce site Web dans le but de souscrire \u00e0 un service ou d&rsquo;effectuer un achat peuvent \u00eatre int\u00e9gr\u00e9es \u00e0 un fichier client, g\u00e9r\u00e9 par campingtauro.com. Le fichier se trouve dans les syst\u00e8mes informatiques de la personne responsable.<br \/>Le client, ou la personne qui le repr\u00e9sente, a le droit d&rsquo;acc\u00e9der au fichier, de rectifier ses donn\u00e9es ou de les supprimer (Instruction 1\/2000, du 1er d\u00e9cembre, de l&rsquo;Agence espagnole de protection des donn\u00e9es). Pour exercer ce droit, vous pouvez envoyer un message \u00e0 tauro@campingsbenicasim.com ou appeler le 964 39 29 67.<br \/>Les donn\u00e9es personnelles fournies par les utilisateurs seront exactes et \u00e0 jour afin qu&rsquo;elles refl\u00e8tent fid\u00e8lement la situation actuelle de la personne concern\u00e9e. Par cons\u00e9quent, l&rsquo;utilisateur doit \u00eatre responsable de la v\u00e9racit\u00e9 et de l&rsquo;exactitude des donn\u00e9es personnelles fournies et doit signaler toute modification des donn\u00e9es qui pourrait survenir \u00e0 l&rsquo;avenir. campingtauro.com supprimera les donn\u00e9es personnelles collect\u00e9es lorsqu&rsquo;elles ne seront plus n\u00e9cessaires ou pertinentes aux fins pour lesquelles elles ont \u00e9t\u00e9 collect\u00e9es ou enregistr\u00e9es. La suppression entra\u00eenera le blocage des donn\u00e9es et celles-ci seront conserv\u00e9es uniquement \u00e0 l&rsquo;usage des autorit\u00e9s publiques, des juges et des tribunaux pour r\u00e9pondre \u00e0 d&rsquo;\u00e9ventuelles responsabilit\u00e9s d\u00e9coulant du traitement, pendant la dur\u00e9e de prescription de ces responsabilit\u00e9s. Apr\u00e8s cette p\u00e9riode, vos donn\u00e9es personnelles seront supprim\u00e9es.<br \/>Conform\u00e9ment \u00e0 la r\u00e9glementation en vigueur, le responsable du traitement a adopt\u00e9 les mesures et techniques n\u00e9cessaires pour maintenir le niveau de s\u00e9curit\u00e9 requis en fonction des donn\u00e9es personnelles trait\u00e9es. Il est \u00e9galement dot\u00e9 des moyens n\u00e9cessaires \u00e0 sa disposition pour pr\u00e9venir, dans la mesure du possible, l&rsquo;acc\u00e8s non autoris\u00e9, le vol, la modification illicite et la perte de donn\u00e9es.<\/p><p>L\u00c9GISLATION ET JURIDICTION<br \/>La l\u00e9gislation applicable au pr\u00e9sent Avis L\u00e9gal sera la l\u00e9gislation espagnole, et la juridiction comp\u00e9tente.<br \/>Le site campingtauro.com utilise des cookies pour offrir un service plus personnalis\u00e9 et rendre la navigation plus facile et plus adapt\u00e9e aux pr\u00e9f\u00e9rences des utilisateurs.<br \/>Un \u00ab cookie \u00bb est un petit fichier texte qu\u2019un serveur de pages Web stocke sur le disque dur de l\u2019utilisateur. Les cookies ne peuvent pas, \u00e0 eux seuls, identifier une personne car ils ne contiennent aucune donn\u00e9e personnelle.<br \/>La plupart des navigateurs acceptent automatiquement les cookies, mais vous pouvez \u00e9galement les configurer pour ne pas les accepter. L&rsquo;utilisateur peut, \u00e0 tout moment, choisir les cookies qu&rsquo;il souhaite utiliser sur ce site en configurant son navigateur.<br \/>Il existe des outils tiers disponibles en ligne qui permettent aux utilisateurs de d\u00e9tecter les cookies sur chaque site Web qu&rsquo;ils visitent et de g\u00e9rer leur d\u00e9sactivation. Cependant, campingtauro.com n&rsquo;est pas responsable si la d\u00e9sactivation de ces cookies emp\u00eache le bon fonctionnement du site.<\/p><p>COOKIES UTILIS\u00c9S SUR CE SITE WEB<br \/>Conform\u00e9ment aux directives de l&rsquo;Agence espagnole de protection des donn\u00e9es, nous d\u00e9taillons l&rsquo;utilisation des cookies sur ce site Web.<br \/>Ce site Web utilise les cookies tiers suivants :<br \/>\u2022 Google Analytics : stocke des cookies pour compiler des statistiques sur le trafic et le volume de visites sur ce site Web. En utilisant ce site Web, vous consentez au traitement des donn\u00e9es vous concernant par Google. Par cons\u00e9quent, tout exercice de tout droit \u00e0 cet \u00e9gard doit \u00eatre effectu\u00e9 en communiquant directement avec Google.<br \/>\u2022 Google Maps : stocke les cookies pour la g\u00e9olocalisation.<br \/>\u2022 R\u00e9seaux sociaux : Chaque r\u00e9seau social utilise ses propres cookies afin que vous puissiez cliquer sur les boutons J&rsquo;aime ou Partager.<\/p>\t\t\t\t\t\t<\/div>\n\t\t\t\t<\/div>\n\t\t\t\t<\/div>\n\t\t\t\t\t<\/div>\n\t\t\t\t<\/div>\n\t\t\t\t<\/div>\n\t\t","protected":false},"excerpt":{"rendered":"<p>Mentions l\u00e9gales Conform\u00e9ment \u00e0 l&rsquo;article 10 de la loi 34\/2002 du 11 juillet sur les services de la soci\u00e9t\u00e9 de [&hellip;]<\/p>\n","protected":false},"author":1,"featured_media":0,"parent":0,"menu_order":0,"comment_status":"closed","ping_status":"closed","template":"","meta":{"site-sidebar-layout":"no-sidebar","site-content-layout":"","ast-site-content-layout":"full-width-container","site-content-style":"default","site-sidebar-style":"default","ast-global-header-display":"","ast-banner-title-visibility":"","ast-main-header-display":"","ast-hfb-above-header-display":"","ast-hfb-below-header-display":"","ast-hfb-mobile-header-display":"","site-post-title":"disabled","ast-breadcrumbs-content":"","ast-featured-img":"disabled","footer-sml-layout":"","theme-transparent-header-meta":"default","adv-header-id-meta":"","stick-header-meta":"","header-above-stick-meta":"","header-main-stick-meta":"","header-below-stick-meta":"","astra-migrate-meta-layouts":"default","ast-page-background-enabled":"default","ast-page-background-meta":{"desktop":{"background-color":"var(--ast-global-color-4)","background-image":"","background-repeat":"repeat","background-position":"center center","background-size":"auto","background-attachment":"scroll","background-type":"","background-media":"","overlay-type":"","overlay-color":"","overlay-opacity":"","overlay-gradient":""},"tablet":{"background-color":"","background-image":"","background-repeat":"repeat","background-position":"center center","background-size":"auto","background-attachment":"scroll","background-type":"","background-media":"","overlay-type":"","overlay-color":"","overlay-opacity":"","overlay-gradient":""},"mobile":{"background-color":"","background-image":"","background-repeat":"repeat","background-position":"center center","background-size":"auto","background-attachment":"scroll","background-type":"","background-media":"","overlay-type":"","overlay-color":"","overlay-opacity":"","overlay-gradient":""}},"ast-content-background-meta":{"desktop":{"background-color":"var(--ast-global-color-5)","background-image":"","background-repeat":"repeat","background-position":"center center","background-size":"auto","background-attachment":"scroll","background-type":"","background-media":"","overlay-type":"","overlay-color":"","overlay-opacity":"","overlay-gradient":""},"tablet":{"background-color":"var(--ast-global-color-5)","background-image":"","background-repeat":"repeat","background-position":"center center","background-size":"auto","background-attachment":"scroll","background-type":"","background-media":"","overlay-type":"","overlay-color":"","overlay-opacity":"","overlay-gradient":""},"mobile":{"background-color":"var(--ast-global-color-5)","background-image":"","background-repeat":"repeat","background-position":"center center","background-size":"auto","background-attachment":"scroll","background-type":"","background-media":"","overlay-type":"","overlay-color":"","overlay-opacity":"","overlay-gradient":""}},"_joinchat":[],"footnotes":""},"yoast_head":"<!-- This site is optimized with the Yoast SEO plugin v22.9 - https:\/\/yoast.com\/wordpress\/plugins\/seo\/ -->\n<title>Aviso Legal - Camping Tauro<\/title>\n<meta name=\"robots\" content=\"index, follow, max-snippet:-1, max-image-preview:large, max-video-preview:-1\" \/>\n<link rel=\"canonical\" href=\"https:\/\/campingtauro.com\/aviso-legal\/\" \/>\n<meta property=\"og:locale\" content=\"fr_FR\" \/>\n<meta property=\"og:type\" content=\"article\" \/>\n<meta property=\"og:title\" content=\"Aviso Legal - Camping Tauro\" \/>\n<meta property=\"og:description\" content=\"Mentions l\u00e9gales Conform\u00e9ment \u00e0 l&rsquo;article 10 de la loi 34\/2002 du 11 juillet sur les services de la soci\u00e9t\u00e9 de [&hellip;]\" \/>\n<meta property=\"og:url\" content=\"https:\/\/campingtauro.com\/aviso-legal\/\" \/>\n<meta property=\"og:site_name\" content=\"Camping Tauro\" \/>\n<meta property=\"article:modified_time\" content=\"2025-05-20T12:54:03+00:00\" \/>\n<meta name=\"twitter:card\" content=\"summary_large_image\" \/>\n<meta name=\"twitter:label1\" content=\"Dur\u00e9e de lecture estim\u00e9e\" \/>\n\t<meta name=\"twitter:data1\" content=\"7 minutes\" \/>\n<script type=\"application\/ld+json\" class=\"yoast-schema-graph\">{\"@context\":\"https:\/\/schema.org\",\"@graph\":[{\"@type\":\"WebPage\",\"@id\":\"https:\/\/campingtauro.com\/aviso-legal\/\",\"url\":\"https:\/\/campingtauro.com\/aviso-legal\/\",\"name\":\"Aviso Legal - Camping Tauro\",\"isPartOf\":{\"@id\":\"https:\/\/campingtauro.com\/#website\"},\"datePublished\":\"2024-06-26T16:00:32+00:00\",\"dateModified\":\"2025-05-20T12:54:03+00:00\",\"breadcrumb\":{\"@id\":\"https:\/\/campingtauro.com\/aviso-legal\/#breadcrumb\"},\"inLanguage\":\"fr-FR\",\"potentialAction\":[{\"@type\":\"ReadAction\",\"target\":[\"https:\/\/campingtauro.com\/aviso-legal\/\"]}]},{\"@type\":\"BreadcrumbList\",\"@id\":\"https:\/\/campingtauro.com\/aviso-legal\/#breadcrumb\",\"itemListElement\":[{\"@type\":\"ListItem\",\"position\":1,\"name\":\"Portada\",\"item\":\"https:\/\/campingtauro.com\/fr\/commencer\/\"},{\"@type\":\"ListItem\",\"position\":2,\"name\":\"Aviso Legal\"}]},{\"@type\":\"WebSite\",\"@id\":\"https:\/\/campingtauro.com\/#website\",\"url\":\"https:\/\/campingtauro.com\/\",\"name\":\"Camping Tauro\",\"description\":\"Alquiler de parcelas y bungalows en Benic\u00e0ssim\",\"publisher\":{\"@id\":\"https:\/\/campingtauro.com\/#organization\"},\"potentialAction\":[{\"@type\":\"SearchAction\",\"target\":{\"@type\":\"EntryPoint\",\"urlTemplate\":\"https:\/\/campingtauro.com\/?s={search_term_string}\"},\"query-input\":\"required name=search_term_string\"}],\"inLanguage\":\"fr-FR\"},{\"@type\":\"Organization\",\"@id\":\"https:\/\/campingtauro.com\/#organization\",\"name\":\"Camping Tauro\",\"url\":\"https:\/\/campingtauro.com\/\",\"logo\":{\"@type\":\"ImageObject\",\"inLanguage\":\"fr-FR\",\"@id\":\"https:\/\/campingtauro.com\/#\/schema\/logo\/image\/\",\"url\":\"https:\/\/campingtauro.com\/wp-content\/uploads\/2024\/11\/cropped-Logo-camping-tauro.png\",\"contentUrl\":\"https:\/\/campingtauro.com\/wp-content\/uploads\/2024\/11\/cropped-Logo-camping-tauro.png\",\"width\":350,\"height\":101,\"caption\":\"Camping Tauro\"},\"image\":{\"@id\":\"https:\/\/campingtauro.com\/#\/schema\/logo\/image\/\"}}]}<\/script>\n<!-- \/ Yoast SEO plugin. -->","yoast_head_json":{"title":"Aviso Legal - Camping Tauro","robots":{"index":"index","follow":"follow","max-snippet":"max-snippet:-1","max-image-preview":"max-image-preview:large","max-video-preview":"max-video-preview:-1"},"canonical":"https:\/\/campingtauro.com\/aviso-legal\/","og_locale":"fr_FR","og_type":"article","og_title":"Aviso Legal - Camping Tauro","og_description":"Mentions l\u00e9gales Conform\u00e9ment \u00e0 l&rsquo;article 10 de la loi 34\/2002 du 11 juillet sur les services de la soci\u00e9t\u00e9 de [&hellip;]","og_url":"https:\/\/campingtauro.com\/aviso-legal\/","og_site_name":"Camping Tauro","article_modified_time":"2025-05-20T12:54:03+00:00","twitter_card":"summary_large_image","twitter_misc":{"Dur\u00e9e de lecture estim\u00e9e":"7 minutes"},"schema":{"@context":"https:\/\/schema.org","@graph":[{"@type":"WebPage","@id":"https:\/\/campingtauro.com\/aviso-legal\/","url":"https:\/\/campingtauro.com\/aviso-legal\/","name":"Aviso Legal - Camping Tauro","isPartOf":{"@id":"https:\/\/campingtauro.com\/#website"},"datePublished":"2024-06-26T16:00:32+00:00","dateModified":"2025-05-20T12:54:03+00:00","breadcrumb":{"@id":"https:\/\/campingtauro.com\/aviso-legal\/#breadcrumb"},"inLanguage":"fr-FR","potentialAction":[{"@type":"ReadAction","target":["https:\/\/campingtauro.com\/aviso-legal\/"]}]},{"@type":"BreadcrumbList","@id":"https:\/\/campingtauro.com\/aviso-legal\/#breadcrumb","itemListElement":[{"@type":"ListItem","position":1,"name":"Portada","item":"https:\/\/campingtauro.com\/fr\/commencer\/"},{"@type":"ListItem","position":2,"name":"Aviso Legal"}]},{"@type":"WebSite","@id":"https:\/\/campingtauro.com\/#website","url":"https:\/\/campingtauro.com\/","name":"Camping Tauro","description":"Alquiler de parcelas y bungalows en Benic\u00e0ssim","publisher":{"@id":"https:\/\/campingtauro.com\/#organization"},"potentialAction":[{"@type":"SearchAction","target":{"@type":"EntryPoint","urlTemplate":"https:\/\/campingtauro.com\/?s={search_term_string}"},"query-input":"required name=search_term_string"}],"inLanguage":"fr-FR"},{"@type":"Organization","@id":"https:\/\/campingtauro.com\/#organization","name":"Camping Tauro","url":"https:\/\/campingtauro.com\/","logo":{"@type":"ImageObject","inLanguage":"fr-FR","@id":"https:\/\/campingtauro.com\/#\/schema\/logo\/image\/","url":"https:\/\/campingtauro.com\/wp-content\/uploads\/2024\/11\/cropped-Logo-camping-tauro.png","contentUrl":"https:\/\/campingtauro.com\/wp-content\/uploads\/2024\/11\/cropped-Logo-camping-tauro.png","width":350,"height":101,"caption":"Camping Tauro"},"image":{"@id":"https:\/\/campingtauro.com\/#\/schema\/logo\/image\/"}}]}},"_links":{"self":[{"href":"https:\/\/campingtauro.com\/fr\/wp-json\/wp\/v2\/pages\/2259"}],"collection":[{"href":"https:\/\/campingtauro.com\/fr\/wp-json\/wp\/v2\/pages"}],"about":[{"href":"https:\/\/campingtauro.com\/fr\/wp-json\/wp\/v2\/types\/page"}],"author":[{"embeddable":true,"href":"https:\/\/campingtauro.com\/fr\/wp-json\/wp\/v2\/users\/1"}],"replies":[{"embeddable":true,"href":"https:\/\/campingtauro.com\/fr\/wp-json\/wp\/v2\/comments?post=2259"}],"version-history":[{"count":6,"href":"https:\/\/campingtauro.com\/fr\/wp-json\/wp\/v2\/pages\/2259\/revisions"}],"predecessor-version":[{"id":2279,"href":"https:\/\/campingtauro.com\/fr\/wp-json\/wp\/v2\/pages\/2259\/revisions\/2279"}],"wp:attachment":[{"href":"https:\/\/campingtauro.com\/fr\/wp-json\/wp\/v2\/media?parent=2259"}],"curies":[{"name":"wp","href":"https:\/\/api.w.org\/{rel}","templated":true}]}}