{"id":2402,"date":"2024-12-02T09:38:39","date_gmt":"2024-12-02T08:38:39","guid":{"rendered":"https:\/\/campingtauro.com\/die-terrasse\/"},"modified":"2025-05-20T17:46:18","modified_gmt":"2025-05-20T15:46:18","slug":"die-terrasse","status":"publish","type":"page","link":"https:\/\/campingtauro.com\/de\/die-terrasse\/","title":{"rendered":"Die Terrasse"},"content":{"rendered":"\t\t<div data-elementor-type=\"wp-page\" data-elementor-id=\"2402\" class=\"elementor elementor-2402 elementor-1214\" data-elementor-post-type=\"page\">\n\t\t\t\t<div class=\"elementor-element elementor-element-6eb0bf8 e-flex e-con-boxed e-con e-parent\" data-id=\"6eb0bf8\" data-element_type=\"container\" data-settings=\"{&quot;background_background&quot;:&quot;classic&quot;}\">\n\t\t\t\t\t<div class=\"e-con-inner\">\n\t\t\t\t<div class=\"elementor-element elementor-element-9b5e415 elementor-widget elementor-widget-heading\" data-id=\"9b5e415\" data-element_type=\"widget\" data-widget_type=\"heading.default\">\n\t\t\t\t<div class=\"elementor-widget-container\">\n\t\t\t<style>\/*! elementor - v3.22.0 - 26-06-2024 *\/\n.elementor-heading-title{padding:0;margin:0;line-height:1}.elementor-widget-heading .elementor-heading-title[class*=elementor-size-]>a{color:inherit;font-size:inherit;line-height:inherit}.elementor-widget-heading .elementor-heading-title.elementor-size-small{font-size:15px}.elementor-widget-heading .elementor-heading-title.elementor-size-medium{font-size:19px}.elementor-widget-heading .elementor-heading-title.elementor-size-large{font-size:29px}.elementor-widget-heading .elementor-heading-title.elementor-size-xl{font-size:39px}.elementor-widget-heading .elementor-heading-title.elementor-size-xxl{font-size:59px}<\/style><h2 class=\"elementor-heading-title elementor-size-default\">Die Terrasse<\/h2>\t\t<\/div>\n\t\t\t\t<\/div>\n\t\t\t\t\t<\/div>\n\t\t\t\t<\/div>\n\t\t<div class=\"elementor-element elementor-element-1d2c10b e-flex e-con-boxed e-con e-parent\" data-id=\"1d2c10b\" data-element_type=\"container\">\n\t\t\t\t\t<div class=\"e-con-inner\">\n\t\t<div class=\"elementor-element elementor-element-1b9ad0f e-con-full e-flex e-con e-child\" data-id=\"1b9ad0f\" data-element_type=\"container\">\n\t\t\t\t<div class=\"elementor-element elementor-element-077f1e0 elementor-widget elementor-widget-heading\" data-id=\"077f1e0\" data-element_type=\"widget\" data-widget_type=\"heading.default\">\n\t\t\t\t<div class=\"elementor-widget-container\">\n\t\t\t<h2 class=\"elementor-heading-title elementor-size-default\">Unsere \u201eTerracita\u201c tr\u00e4gt das Siegel \u201edas Erlesenste im Mittelmeerraum\u201c.\n<\/h2>\t\t<\/div>\n\t\t\t\t<\/div>\n\t\t\t\t<div class=\"elementor-element elementor-element-010a9e3 elementor-widget elementor-widget-text-editor\" data-id=\"010a9e3\" data-element_type=\"widget\" data-widget_type=\"text-editor.default\">\n\t\t\t\t<div class=\"elementor-widget-container\">\n\t\t\t<style>\/*! elementor - v3.22.0 - 26-06-2024 *\/\n.elementor-widget-text-editor.elementor-drop-cap-view-stacked .elementor-drop-cap{background-color:#69727d;color:#fff}.elementor-widget-text-editor.elementor-drop-cap-view-framed .elementor-drop-cap{color:#69727d;border:3px solid;background-color:transparent}.elementor-widget-text-editor:not(.elementor-drop-cap-view-default) .elementor-drop-cap{margin-top:8px}.elementor-widget-text-editor:not(.elementor-drop-cap-view-default) .elementor-drop-cap-letter{width:1em;height:1em}.elementor-widget-text-editor .elementor-drop-cap{float:left;text-align:center;line-height:1;font-size:50px}.elementor-widget-text-editor .elementor-drop-cap-letter{display:inline-block}<\/style>\t\t\t\t<p style=\"text-align: left;\">Unser Restaurant La Terracita ist Teil des Netzwerks L\u2019Exquisit Mediterrani; eine Initiative f\u00fcr gastronomischen Tourismus der Valencianischen Gemeinschaft.<br \/>Wir freuen uns sehr, Ihnen dieses besondere Siegel pr\u00e4sentieren zu k\u00f6nnen, das unser Engagement f\u00fcr regionale Produkte, die Hervorhebung der regionalen K\u00fcche und die F\u00f6rderung unserer kulinarischen Kultur anerkennt.<\/p>\n\t\t\t\t\t\t<\/div>\n\t\t\t\t<\/div>\n\t\t\t\t<\/div>\n\t\t\t\t\t<\/div>\n\t\t\t\t<\/div>\n\t\t<div class=\"elementor-element elementor-element-8eb21bc e-flex e-con-boxed e-con e-parent\" data-id=\"8eb21bc\" data-element_type=\"container\">\n\t\t\t\t\t<div class=\"e-con-inner\">\n\t\t\t\t<div class=\"elementor-element elementor-element-26d0e3a elementor-widget elementor-widget-text-editor\" data-id=\"26d0e3a\" data-element_type=\"widget\" data-widget_type=\"text-editor.default\">\n\t\t\t\t<div class=\"elementor-widget-container\">\n\t\t\t\t\t\t\t<p><span style=\"color: #6db812;\"><strong>Was ist l\u2019Exquisit Mediterrani?<\/strong><\/span><\/p>\n<p>Die Marke \u201eComunitat Valenciana \u2013 L\u2019Exquisit Mediterrani\u201c ist das zentrale Element, das die Werte unserer hervorragenden Gastronomie repr\u00e4sentiert: <strong>das Erlesenste des Mittelmeers.<\/strong> Es ist die Grundlage f\u00fcr Botschaften und Werbeaktionen f\u00fcr touristische Erlebnisse im Zusammenhang mit unserer valencianischen Gastronomie mit den Parametern Qualit\u00e4t und Authentizit\u00e4t.<\/p>\n<p>Es sei daran erinnert, dass die kulinarische Kultur der Valencianischen Gemeinschaft sehr gesch\u00e4tzt wird. Internationale Rezepte wie Reisgerichte und Paella, vielf\u00e4ltige und hochwertige landwirtschaftliche Produkte, ein gefestigter Gastronomiesektor und in den letzten Jahren eine betr\u00e4chtliche Anzahl von K\u00f6chen, die als Anf\u00fchrer einer gastronomischen Bewegung gelten und zu der sie Kreativit\u00e4t und Exzellenz beitragen.<\/p>\n<p>Die valencianische K\u00fcche gilt als erstklassige Touristenattraktion. Eine Touristenattraktion, die das Wesen und die Werte des Lebensstils verst\u00e4rkt, der uns als mediterranes Reiseziel ausmacht: gastfreundlich und gesund. Dar\u00fcber hinaus spiegelt es eine <a href=\"https:\/\/ich.unesco.org\/es\/RL\/la-dieta-mediterranea-00884\">mediterrane Ern\u00e4hrung<\/a> wider, die von der UNESCO zum immateriellen Erbe der Menschheit erkl\u00e4rt wurde.<\/p>\n\t\t\t\t\t\t<\/div>\n\t\t\t\t<\/div>\n\t\t\t\t\t<\/div>\n\t\t\t\t<\/div>\n\t\t\t\t<\/div>\n\t\t","protected":false},"excerpt":{"rendered":"<p>Die Terrasse Unsere \u201eTerracita\u201c tr\u00e4gt das Siegel \u201edas Erlesenste im Mittelmeerraum\u201c. Unser Restaurant La Terracita ist Teil des Netzwerks L\u2019Exquisit [&hellip;]<\/p>\n","protected":false},"author":1,"featured_media":0,"parent":0,"menu_order":0,"comment_status":"closed","ping_status":"closed","template":"","meta":{"site-sidebar-layout":"no-sidebar","site-content-layout":"","ast-site-content-layout":"full-width-container","site-content-style":"default","site-sidebar-style":"default","ast-global-header-display":"","ast-banner-title-visibility":"","ast-main-header-display":"","ast-hfb-above-header-display":"","ast-hfb-below-header-display":"","ast-hfb-mobile-header-display":"","site-post-title":"disabled","ast-breadcrumbs-content":"","ast-featured-img":"disabled","footer-sml-layout":"","theme-transparent-header-meta":"default","adv-header-id-meta":"","stick-header-meta":"","header-above-stick-meta":"","header-main-stick-meta":"","header-below-stick-meta":"","astra-migrate-meta-layouts":"default","ast-page-background-enabled":"default","ast-page-background-meta":{"desktop":{"background-color":"var(--ast-global-color-4)","background-image":"","background-repeat":"repeat","background-position":"center center","background-size":"auto","background-attachment":"scroll","background-type":"","background-media":"","overlay-type":"","overlay-color":"","overlay-opacity":"","overlay-gradient":""},"tablet":{"background-color":"","background-image":"","background-repeat":"repeat","background-position":"center center","background-size":"auto","background-attachment":"scroll","background-type":"","background-media":"","overlay-type":"","overlay-color":"","overlay-opacity":"","overlay-gradient":""},"mobile":{"background-color":"","background-image":"","background-repeat":"repeat","background-position":"center center","background-size":"auto","background-attachment":"scroll","background-type":"","background-media":"","overlay-type":"","overlay-color":"","overlay-opacity":"","overlay-gradient":""}},"ast-content-background-meta":{"desktop":{"background-color":"var(--ast-global-color-5)","background-image":"","background-repeat":"repeat","background-position":"center center","background-size":"auto","background-attachment":"scroll","background-type":"","background-media":"","overlay-type":"","overlay-color":"","overlay-opacity":"","overlay-gradient":""},"tablet":{"background-color":"var(--ast-global-color-5)","background-image":"","background-repeat":"repeat","background-position":"center center","background-size":"auto","background-attachment":"scroll","background-type":"","background-media":"","overlay-type":"","overlay-color":"","overlay-opacity":"","overlay-gradient":""},"mobile":{"background-color":"var(--ast-global-color-5)","background-image":"","background-repeat":"repeat","background-position":"center center","background-size":"auto","background-attachment":"scroll","background-type":"","background-media":"","overlay-type":"","overlay-color":"","overlay-opacity":"","overlay-gradient":""}},"_joinchat":[],"footnotes":""},"yoast_head":"<!-- This site is optimized with the Yoast SEO plugin v22.9 - https:\/\/yoast.com\/wordpress\/plugins\/seo\/ -->\n<title>Die Terrasse - Camping Tauro<\/title>\n<meta name=\"robots\" content=\"index, follow, max-snippet:-1, max-image-preview:large, max-video-preview:-1\" \/>\n<link rel=\"canonical\" href=\"https:\/\/campingtauro.com\/de\/die-terrasse\/\" \/>\n<meta property=\"og:locale\" content=\"de_DE\" \/>\n<meta property=\"og:type\" content=\"article\" \/>\n<meta property=\"og:title\" content=\"Die Terrasse - Camping Tauro\" \/>\n<meta property=\"og:description\" content=\"Die Terrasse Unsere \u201eTerracita\u201c tr\u00e4gt das Siegel \u201edas Erlesenste im Mittelmeerraum\u201c. Unser Restaurant La Terracita ist Teil des Netzwerks L\u2019Exquisit [&hellip;]\" \/>\n<meta property=\"og:url\" content=\"https:\/\/campingtauro.com\/de\/die-terrasse\/\" \/>\n<meta property=\"og:site_name\" content=\"Camping Tauro\" \/>\n<meta property=\"article:modified_time\" content=\"2025-05-20T15:46:18+00:00\" \/>\n<meta name=\"twitter:card\" content=\"summary_large_image\" \/>\n<meta name=\"twitter:label1\" content=\"Gesch\u00e4tzte Lesezeit\" \/>\n\t<meta name=\"twitter:data1\" content=\"1\u00a0Minute\" \/>\n<script type=\"application\/ld+json\" class=\"yoast-schema-graph\">{\"@context\":\"https:\/\/schema.org\",\"@graph\":[{\"@type\":\"WebPage\",\"@id\":\"https:\/\/campingtauro.com\/de\/die-terrasse\/\",\"url\":\"https:\/\/campingtauro.com\/de\/die-terrasse\/\",\"name\":\"Die Terrasse - Camping Tauro\",\"isPartOf\":{\"@id\":\"https:\/\/campingtauro.com\/#website\"},\"datePublished\":\"2024-12-02T08:38:39+00:00\",\"dateModified\":\"2025-05-20T15:46:18+00:00\",\"breadcrumb\":{\"@id\":\"https:\/\/campingtauro.com\/de\/die-terrasse\/#breadcrumb\"},\"inLanguage\":\"de\",\"potentialAction\":[{\"@type\":\"ReadAction\",\"target\":[\"https:\/\/campingtauro.com\/de\/die-terrasse\/\"]}]},{\"@type\":\"BreadcrumbList\",\"@id\":\"https:\/\/campingtauro.com\/de\/die-terrasse\/#breadcrumb\",\"itemListElement\":[{\"@type\":\"ListItem\",\"position\":1,\"name\":\"Portada\",\"item\":\"https:\/\/campingtauro.com\/de\/start\/\"},{\"@type\":\"ListItem\",\"position\":2,\"name\":\"Die Terrasse\"}]},{\"@type\":\"WebSite\",\"@id\":\"https:\/\/campingtauro.com\/#website\",\"url\":\"https:\/\/campingtauro.com\/\",\"name\":\"Camping Tauro\",\"description\":\"Alquiler de parcelas y bungalows en Benic\u00e0ssim\",\"publisher\":{\"@id\":\"https:\/\/campingtauro.com\/#organization\"},\"potentialAction\":[{\"@type\":\"SearchAction\",\"target\":{\"@type\":\"EntryPoint\",\"urlTemplate\":\"https:\/\/campingtauro.com\/?s={search_term_string}\"},\"query-input\":\"required name=search_term_string\"}],\"inLanguage\":\"de\"},{\"@type\":\"Organization\",\"@id\":\"https:\/\/campingtauro.com\/#organization\",\"name\":\"Camping Tauro\",\"url\":\"https:\/\/campingtauro.com\/\",\"logo\":{\"@type\":\"ImageObject\",\"inLanguage\":\"de\",\"@id\":\"https:\/\/campingtauro.com\/#\/schema\/logo\/image\/\",\"url\":\"https:\/\/campingtauro.com\/wp-content\/uploads\/2024\/11\/cropped-Logo-camping-tauro.png\",\"contentUrl\":\"https:\/\/campingtauro.com\/wp-content\/uploads\/2024\/11\/cropped-Logo-camping-tauro.png\",\"width\":350,\"height\":101,\"caption\":\"Camping Tauro\"},\"image\":{\"@id\":\"https:\/\/campingtauro.com\/#\/schema\/logo\/image\/\"}}]}<\/script>\n<!-- \/ Yoast SEO plugin. -->","yoast_head_json":{"title":"Die Terrasse - Camping Tauro","robots":{"index":"index","follow":"follow","max-snippet":"max-snippet:-1","max-image-preview":"max-image-preview:large","max-video-preview":"max-video-preview:-1"},"canonical":"https:\/\/campingtauro.com\/de\/die-terrasse\/","og_locale":"de_DE","og_type":"article","og_title":"Die Terrasse - Camping Tauro","og_description":"Die Terrasse Unsere \u201eTerracita\u201c tr\u00e4gt das Siegel \u201edas Erlesenste im Mittelmeerraum\u201c. Unser Restaurant La Terracita ist Teil des Netzwerks L\u2019Exquisit [&hellip;]","og_url":"https:\/\/campingtauro.com\/de\/die-terrasse\/","og_site_name":"Camping Tauro","article_modified_time":"2025-05-20T15:46:18+00:00","twitter_card":"summary_large_image","twitter_misc":{"Gesch\u00e4tzte Lesezeit":"1\u00a0Minute"},"schema":{"@context":"https:\/\/schema.org","@graph":[{"@type":"WebPage","@id":"https:\/\/campingtauro.com\/de\/die-terrasse\/","url":"https:\/\/campingtauro.com\/de\/die-terrasse\/","name":"Die Terrasse - Camping Tauro","isPartOf":{"@id":"https:\/\/campingtauro.com\/#website"},"datePublished":"2024-12-02T08:38:39+00:00","dateModified":"2025-05-20T15:46:18+00:00","breadcrumb":{"@id":"https:\/\/campingtauro.com\/de\/die-terrasse\/#breadcrumb"},"inLanguage":"de","potentialAction":[{"@type":"ReadAction","target":["https:\/\/campingtauro.com\/de\/die-terrasse\/"]}]},{"@type":"BreadcrumbList","@id":"https:\/\/campingtauro.com\/de\/die-terrasse\/#breadcrumb","itemListElement":[{"@type":"ListItem","position":1,"name":"Portada","item":"https:\/\/campingtauro.com\/de\/start\/"},{"@type":"ListItem","position":2,"name":"Die Terrasse"}]},{"@type":"WebSite","@id":"https:\/\/campingtauro.com\/#website","url":"https:\/\/campingtauro.com\/","name":"Camping Tauro","description":"Alquiler de parcelas y bungalows en Benic\u00e0ssim","publisher":{"@id":"https:\/\/campingtauro.com\/#organization"},"potentialAction":[{"@type":"SearchAction","target":{"@type":"EntryPoint","urlTemplate":"https:\/\/campingtauro.com\/?s={search_term_string}"},"query-input":"required name=search_term_string"}],"inLanguage":"de"},{"@type":"Organization","@id":"https:\/\/campingtauro.com\/#organization","name":"Camping Tauro","url":"https:\/\/campingtauro.com\/","logo":{"@type":"ImageObject","inLanguage":"de","@id":"https:\/\/campingtauro.com\/#\/schema\/logo\/image\/","url":"https:\/\/campingtauro.com\/wp-content\/uploads\/2024\/11\/cropped-Logo-camping-tauro.png","contentUrl":"https:\/\/campingtauro.com\/wp-content\/uploads\/2024\/11\/cropped-Logo-camping-tauro.png","width":350,"height":101,"caption":"Camping Tauro"},"image":{"@id":"https:\/\/campingtauro.com\/#\/schema\/logo\/image\/"}}]}},"_links":{"self":[{"href":"https:\/\/campingtauro.com\/de\/wp-json\/wp\/v2\/pages\/2402"}],"collection":[{"href":"https:\/\/campingtauro.com\/de\/wp-json\/wp\/v2\/pages"}],"about":[{"href":"https:\/\/campingtauro.com\/de\/wp-json\/wp\/v2\/types\/page"}],"author":[{"embeddable":true,"href":"https:\/\/campingtauro.com\/de\/wp-json\/wp\/v2\/users\/1"}],"replies":[{"embeddable":true,"href":"https:\/\/campingtauro.com\/de\/wp-json\/wp\/v2\/comments?post=2402"}],"version-history":[{"count":1,"href":"https:\/\/campingtauro.com\/de\/wp-json\/wp\/v2\/pages\/2402\/revisions"}],"predecessor-version":[{"id":2403,"href":"https:\/\/campingtauro.com\/de\/wp-json\/wp\/v2\/pages\/2402\/revisions\/2403"}],"wp:attachment":[{"href":"https:\/\/campingtauro.com\/de\/wp-json\/wp\/v2\/media?parent=2402"}],"curies":[{"name":"wp","href":"https:\/\/api.w.org\/{rel}","templated":true}]}}