{"id":2260,"date":"2024-06-26T18:00:32","date_gmt":"2024-06-26T16:00:32","guid":{"rendered":"https:\/\/campingtauro.com\/aviso-legal\/"},"modified":"2025-05-20T14:54:20","modified_gmt":"2025-05-20T12:54:20","slug":"aviso-legal","status":"publish","type":"page","link":"https:\/\/campingtauro.com\/de\/aviso-legal\/","title":{"rendered":"Aviso Legal"},"content":{"rendered":"\t\t<div data-elementor-type=\"wp-page\" data-elementor-id=\"2260\" class=\"elementor elementor-2260 elementor-26\" data-elementor-post-type=\"page\">\n\t\t\t\t<div class=\"elementor-element elementor-element-bdf5f96 e-flex e-con-boxed e-con e-parent\" data-id=\"bdf5f96\" data-element_type=\"container\" data-settings=\"{&quot;background_background&quot;:&quot;classic&quot;}\">\n\t\t\t\t\t<div class=\"e-con-inner\">\n\t\t\t\t<div class=\"elementor-element elementor-element-20095b7 elementor-widget elementor-widget-heading\" data-id=\"20095b7\" data-element_type=\"widget\" data-widget_type=\"heading.default\">\n\t\t\t\t<div class=\"elementor-widget-container\">\n\t\t\t<style>\/*! elementor - v3.22.0 - 26-06-2024 *\/\n.elementor-heading-title{padding:0;margin:0;line-height:1}.elementor-widget-heading .elementor-heading-title[class*=elementor-size-]>a{color:inherit;font-size:inherit;line-height:inherit}.elementor-widget-heading .elementor-heading-title.elementor-size-small{font-size:15px}.elementor-widget-heading .elementor-heading-title.elementor-size-medium{font-size:19px}.elementor-widget-heading .elementor-heading-title.elementor-size-large{font-size:29px}.elementor-widget-heading .elementor-heading-title.elementor-size-xl{font-size:39px}.elementor-widget-heading .elementor-heading-title.elementor-size-xxl{font-size:59px}<\/style><h2 class=\"elementor-heading-title elementor-size-default\">Rechtliche Hinweise<\/h2>\t\t<\/div>\n\t\t\t\t<\/div>\n\t\t\t\t\t<\/div>\n\t\t\t\t<\/div>\n\t\t<div class=\"elementor-element elementor-element-adf409d e-flex e-con-boxed e-con e-parent\" data-id=\"adf409d\" data-element_type=\"container\">\n\t\t\t\t\t<div class=\"e-con-inner\">\n\t\t<div class=\"elementor-element elementor-element-30853a0 e-con-full e-flex e-con e-child\" data-id=\"30853a0\" data-element_type=\"container\">\n\t\t\t\t<div class=\"elementor-element elementor-element-2f7e1fc elementor-widget elementor-widget-text-editor\" data-id=\"2f7e1fc\" data-element_type=\"widget\" data-widget_type=\"text-editor.default\">\n\t\t\t\t<div class=\"elementor-widget-container\">\n\t\t\t<style>\/*! elementor - v3.22.0 - 26-06-2024 *\/\n.elementor-widget-text-editor.elementor-drop-cap-view-stacked .elementor-drop-cap{background-color:#69727d;color:#fff}.elementor-widget-text-editor.elementor-drop-cap-view-framed .elementor-drop-cap{color:#69727d;border:3px solid;background-color:transparent}.elementor-widget-text-editor:not(.elementor-drop-cap-view-default) .elementor-drop-cap{margin-top:8px}.elementor-widget-text-editor:not(.elementor-drop-cap-view-default) .elementor-drop-cap-letter{width:1em;height:1em}.elementor-widget-text-editor .elementor-drop-cap{float:left;text-align:center;line-height:1;font-size:50px}.elementor-widget-text-editor .elementor-drop-cap-letter{display:inline-block}<\/style>\t\t\t\t<p>Gem\u00e4\u00df Artikel 10 des Gesetzes 34\/2002 vom 11. Juli \u00fcber Dienste der Informationsgesellschaft und elektronischen Handel informieren wir Sie, dass der Eigent\u00fcmer der Website campingtauro.com Tauro Camping Caravaning S.L. ist. mit NIF B12348348 und eingetragenem Sitz in Benicasim, Gran Avenida Jaume I 295 (Castell\u00f3n).<br \/>Website-Benutzer k\u00f6nnen die Eigent\u00fcmer von campingtauro.com per E-Mail an tauro@campingsbenicasim.com oder telefonisch unter 964 39 29 67 kontaktieren.<\/p><p>NUTZUNG DER WEBSITE UND ANNAHME<br \/>Der Zugriff auf und\/oder die Nutzung der Website campingtauro.com verleiht dem Benutzer den Status eines Benutzers und setzt die vollst\u00e4ndige und vorbehaltlose Annahme aller in diesem rechtlichen Hinweis enthaltenen Bedingungen durch den Benutzer voraus.<br \/>Der Inhalt dieses rechtlichen Hinweises kann \u00c4nderungen unterliegen. Bei jedem Zugriff auf die Website muss der Benutzer diesen rechtlichen Hinweis sorgf\u00e4ltig lesen.<br \/>Ebenso unterliegt der Zugriff auf die Website campingtauro.com allen Hinweisen, Nutzungsbedingungen und Anweisungen, die dem Benutzer von campingtauro.com bekannt gegeben werden und die diesen rechtlichen Hinweis ersetzen, erg\u00e4nzen und\/oder \u00e4ndern.<\/p><p>ALLGEMEINE BEDINGUNGEN<br \/>Der Nutzer verpflichtet sich, die von der Website bereitgestellten Dienste und Inhalte im Einklang mit der geltenden Gesetzgebung und den Grunds\u00e4tzen von Treu und Glauben sowie allgemein anerkannten Praktiken zu nutzen und durch seine Aktivit\u00e4ten \u00fcber die Website nicht gegen geltendes Recht zu versto\u00dfen. Daher ist jede Nutzung f\u00fcr illegale Zwecke oder die Dritten in irgendeiner Weise schaden k\u00f6nnte, untersagt.<br \/>Der Nutzer garantiert die Echtheit und Richtigkeit aller beim Ausf\u00fcllen des Formulars angegebenen personenbezogenen Daten. Der Nutzer verpflichtet sich und ist daf\u00fcr verantwortlich, alle bereitgestellten Informationen stets so zu pflegen, dass sie seiner aktuellen Situation entsprechen. Die Verarbeitung der vom Benutzer bereitgestellten personenbezogenen Daten erfolgt durch campingtauro.com gem\u00e4\u00df der auf dieser Website enthaltenen Datenschutzrichtlinie.<br \/>Der Benutzer ist allein f\u00fcr die Nutzung dieser Site und die Einhaltung dieser Allgemeinen Gesch\u00e4ftsbedingungen in ihrer Gesamtheit verantwortlich. Der Benutzer verpflichtet sich daher, seine Zugangscodes, Passw\u00f6rter oder \u00e4hnliche Daten, die ihm f\u00fcr den Zugriff auf die von campingtauro.com bereitgestellten Dienste zugewiesen wurden, vertraulich zu behandeln und haftet f\u00fcr alle Sch\u00e4den jeglicher Art, die durch Missbrauch durch ihn selbst oder Dritte entstehen.<br \/>campingtauro.com \u00fcbernimmt unter keinen Umst\u00e4nden eine Garantie oder Haftung f\u00fcr die folgenden Tatsachen und Inhalte sowie f\u00fcr daraus entstehende Sch\u00e4den:<br \/>\u00b7 Mangelnde Verf\u00fcgbarkeit, Kontinuit\u00e4t, Zugriffsm\u00f6glichkeit, Wartung und effektiver Betrieb der Website oder ihrer Dienste sowie die Aktualisierung, Richtigkeit, Vollst\u00e4ndigkeit oder Relevanz ihres Inhalts, unabh\u00e4ngig von der Ursache, und jegliche technischen oder sonstigen Schwierigkeiten oder Probleme, die zu solchen Ereignissen f\u00fchren k\u00f6nnen.<br \/>\u00b7 Die \u00dcbertragung und\/oder Existenz von Viren, anderen Elementen oder Programmen, die f\u00fcr die Ger\u00e4te der Benutzer sch\u00e4dlich sind und die sie beim Zugriff auf die Website, bei der Verwendung oder beim Durchsuchen der Website beeintr\u00e4chtigen oder \u00c4nderungen an ihren elektronischen Dokumenten oder Dateien verursachen k\u00f6nnten.<br \/>\u00b7 Aus der rechtswidrigen, fahrl\u00e4ssigen, betr\u00fcgerischen, sich als Dritte ausgebenden oder dem Inhalt dieser Allgemeinen Gesch\u00e4ftsbedingungen, Treu und Glauben, allgemein anerkannten Praktiken oder der \u00f6ffentlichen Ordnung zuwiderlaufenden Nutzung der Website, ihrer Dienste und Inhalte durch Benutzer.<br \/>\u00b7 F\u00fcr die Kenntnis jeglicher Informationen, die unbefugte Dritte \u00fcber die Merkmale und Umst\u00e4nde der Nutzung der Inhalte und Dienste von campingtauro.com durch Benutzer besitzen oder verwenden k\u00f6nnen.<br \/>Ebenso ist die Vervielf\u00e4ltigung, Verbreitung, \u00dcbertragung, Anpassung oder \u00c4nderung der Inhalte der Website (Texte, Designs, Grafiken, Informationen, Datenbanken, Logos usw.) und anderer Elemente dieser Website mit jeglichen Mitteln und in jeglicher Form verboten, es sei denn, es liegt eine vorherige Genehmigung der rechtm\u00e4\u00dfigen Eigent\u00fcmer vor oder dies ist gesetzlich zul\u00e4ssig.<br \/>Die obige Liste dient lediglich der Veranschaulichung und ist in keinem Fall in ihren Punkten abschlie\u00dfend oder ausschlie\u00dfend.<br \/>In jedem Fall beh\u00e4lt sich campingtauro.com das Recht vor, Benutzern den Zugriff auf diese Website zu verweigern, die gegen eine dieser allgemeinen Bedingungen oder gegen die f\u00fcr sie geltenden besonderen Bedingungen versto\u00dfen.<\/p><p>DATENSCHUTZRICHTLINIE<br \/>Die vom Benutzer \u00fcber die Formulare dieser Website zum Zwecke der Anmeldung zu einem Dienst oder zum T\u00e4tigen eines Kaufs bereitgestellten personenbezogenen Daten k\u00f6nnen in eine Kundendatei aufgenommen werden, die von campingtauro.com verwaltet wird. Die Datei befindet sich in den Computersystemen der verantwortlichen Person.<br \/>Der Kunde oder die Person, die ihn vertritt, hat das Recht, auf die Datei zuzugreifen, seine Daten zu berichtigen oder sie zu l\u00f6schen (Anweisung 1\/2000 vom 1. Dezember der spanischen Datenschutzbeh\u00f6rde). Um dieses Recht auszu\u00fcben, k\u00f6nnen Sie eine Nachricht an tauro@campingsbenicasim.com senden oder die Nummer 964 39 29 67 anrufen.<br \/>Die von den Nutzern bereitgestellten personenbezogenen Daten sind richtig und aktuell, sodass sie die aktuelle Situation der betroffenen Person genau widerspiegeln. Der Nutzer muss daher f\u00fcr die Richtigkeit und Genauigkeit der angegebenen personenbezogenen Daten verantwortlich sein und k\u00fcnftig auftretende \u00c4nderungen der Daten melden. campingtauro.com l\u00f6scht die erhobenen personenbezogenen Daten, wenn diese f\u00fcr den Zweck, f\u00fcr den sie erhoben oder gespeichert wurden, nicht mehr erforderlich oder relevant sind. Die L\u00f6schung hat eine Sperrung der Daten zur Folge und deren Aufbewahrung ausschlie\u00dflich f\u00fcr Beh\u00f6rden, Richter und Gerichte zur Verfolgung etwaiger aus der Verarbeitung entstehender Haftungen w\u00e4hrend der Verj\u00e4hrungsfrist f\u00fcr derartige Haftungen. Nach Ablauf dieser Frist werden Ihre personenbezogenen Daten gel\u00f6scht.<br \/>In \u00dcbereinstimmung mit den geltenden Vorschriften hat der Verantwortliche die erforderlichen Ma\u00dfnahmen und Techniken ergriffen, um das erforderliche Sicherheitsniveau in Bezug auf die verarbeiteten personenbezogenen Daten aufrechtzuerhalten. Dar\u00fcber hinaus verf\u00fcgt es \u00fcber die notwendigen Mittel, um unbefugten Zugriff, Diebstahl, unrechtm\u00e4\u00dfige \u00c4nderungen und Datenverlust so weit wie m\u00f6glich zu verhindern.<\/p><p>GESETZGEBUNG UND GERICHTSSTAND<br \/>F\u00fcr diesen rechtlichen Hinweis gilt das spanische Recht und die zust\u00e4ndige Gerichtsbarkeit.<br \/>Die Website campingtauro.com verwendet Cookies, um einen pers\u00f6nlicheren Service anzubieten und das Surfen zu erleichtern und besser auf die Pr\u00e4ferenzen der Benutzer abzustimmen.<br \/>Ein \u201eCookie\u201c ist eine kleine Textdatei, die ein Webseitenserver auf der Festplatte des Benutzers speichert. Cookies allein k\u00f6nnen eine Person nicht identifizieren, da sie keine personenbezogenen Daten enthalten.<br \/>Die meisten Browser akzeptieren Cookies automatisch, Sie k\u00f6nnen sie jedoch auch so einstellen, dass sie diese nicht akzeptieren. Der Benutzer kann jederzeit durch die Konfiguration seines Browsers ausw\u00e4hlen, welche Cookies er auf dieser Website verwenden m\u00f6chte.<br \/>Es stehen online Tools von Drittanbietern zur Verf\u00fcgung, mit denen Benutzer auf jeder von ihnen besuchten Website Cookies erkennen und deren Deaktivierung verwalten k\u00f6nnen. Allerdings ist campingtauro.com nicht daf\u00fcr verantwortlich, wenn die Deaktivierung dieser Cookies dazu f\u00fchrt, dass die Website nicht richtig funktioniert.<\/p><p>Auf dieser Website verwendete Cookies<br \/>Gem\u00e4\u00df den Richtlinien der spanischen Datenschutzbeh\u00f6rde erl\u00e4utern wir die Verwendung von Cookies auf dieser Website.<br \/>Diese Website verwendet die folgenden Cookies von Drittanbietern:<br \/>\u2022 Google Analytics: Speichert Cookies, um Statistiken zum Verkehr und Besuchsaufkommen dieser Website zu erstellen. Durch die Nutzung dieser Website erkl\u00e4ren Sie sich mit der Bearbeitung der \u00fcber Sie erhobenen Daten durch Google einverstanden. Daher muss die Aus\u00fcbung jeglicher Rechte in dieser Hinsicht durch direkte Kommunikation mit Google erfolgen.<br \/>\u2022 Google Maps: Speichert Cookies zur Geolokalisierung.<br \/>\u2022 Soziale Netzwerke: Jedes soziale Netzwerk verwendet seine eigenen Cookies, sodass Sie auf die Schaltfl\u00e4chen \u201eGef\u00e4llt mir\u201c oder \u201eTeilen\u201c klicken k\u00f6nnen.<\/p>\t\t\t\t\t\t<\/div>\n\t\t\t\t<\/div>\n\t\t\t\t<\/div>\n\t\t\t\t\t<\/div>\n\t\t\t\t<\/div>\n\t\t\t\t<\/div>\n\t\t","protected":false},"excerpt":{"rendered":"<p>Rechtliche Hinweise Gem\u00e4\u00df Artikel 10 des Gesetzes 34\/2002 vom 11. Juli \u00fcber Dienste der Informationsgesellschaft und elektronischen Handel informieren wir [&hellip;]<\/p>\n","protected":false},"author":1,"featured_media":0,"parent":0,"menu_order":0,"comment_status":"closed","ping_status":"closed","template":"","meta":{"site-sidebar-layout":"no-sidebar","site-content-layout":"","ast-site-content-layout":"full-width-container","site-content-style":"default","site-sidebar-style":"default","ast-global-header-display":"","ast-banner-title-visibility":"","ast-main-header-display":"","ast-hfb-above-header-display":"","ast-hfb-below-header-display":"","ast-hfb-mobile-header-display":"","site-post-title":"disabled","ast-breadcrumbs-content":"","ast-featured-img":"disabled","footer-sml-layout":"","theme-transparent-header-meta":"default","adv-header-id-meta":"","stick-header-meta":"","header-above-stick-meta":"","header-main-stick-meta":"","header-below-stick-meta":"","astra-migrate-meta-layouts":"default","ast-page-background-enabled":"default","ast-page-background-meta":{"desktop":{"background-color":"var(--ast-global-color-4)","background-image":"","background-repeat":"repeat","background-position":"center center","background-size":"auto","background-attachment":"scroll","background-type":"","background-media":"","overlay-type":"","overlay-color":"","overlay-opacity":"","overlay-gradient":""},"tablet":{"background-color":"","background-image":"","background-repeat":"repeat","background-position":"center center","background-size":"auto","background-attachment":"scroll","background-type":"","background-media":"","overlay-type":"","overlay-color":"","overlay-opacity":"","overlay-gradient":""},"mobile":{"background-color":"","background-image":"","background-repeat":"repeat","background-position":"center center","background-size":"auto","background-attachment":"scroll","background-type":"","background-media":"","overlay-type":"","overlay-color":"","overlay-opacity":"","overlay-gradient":""}},"ast-content-background-meta":{"desktop":{"background-color":"var(--ast-global-color-5)","background-image":"","background-repeat":"repeat","background-position":"center center","background-size":"auto","background-attachment":"scroll","background-type":"","background-media":"","overlay-type":"","overlay-color":"","overlay-opacity":"","overlay-gradient":""},"tablet":{"background-color":"var(--ast-global-color-5)","background-image":"","background-repeat":"repeat","background-position":"center center","background-size":"auto","background-attachment":"scroll","background-type":"","background-media":"","overlay-type":"","overlay-color":"","overlay-opacity":"","overlay-gradient":""},"mobile":{"background-color":"var(--ast-global-color-5)","background-image":"","background-repeat":"repeat","background-position":"center center","background-size":"auto","background-attachment":"scroll","background-type":"","background-media":"","overlay-type":"","overlay-color":"","overlay-opacity":"","overlay-gradient":""}},"_joinchat":[],"footnotes":""},"yoast_head":"<!-- This site is optimized with the Yoast SEO plugin v22.9 - https:\/\/yoast.com\/wordpress\/plugins\/seo\/ -->\n<title>Aviso Legal - Camping Tauro<\/title>\n<meta name=\"robots\" content=\"index, follow, max-snippet:-1, max-image-preview:large, max-video-preview:-1\" \/>\n<link rel=\"canonical\" href=\"https:\/\/campingtauro.com\/aviso-legal\/\" \/>\n<meta property=\"og:locale\" content=\"de_DE\" \/>\n<meta property=\"og:type\" content=\"article\" \/>\n<meta property=\"og:title\" content=\"Aviso Legal - Camping Tauro\" \/>\n<meta property=\"og:description\" content=\"Rechtliche Hinweise Gem\u00e4\u00df Artikel 10 des Gesetzes 34\/2002 vom 11. Juli \u00fcber Dienste der Informationsgesellschaft und elektronischen Handel informieren wir [&hellip;]\" \/>\n<meta property=\"og:url\" content=\"https:\/\/campingtauro.com\/aviso-legal\/\" \/>\n<meta property=\"og:site_name\" content=\"Camping Tauro\" \/>\n<meta property=\"article:modified_time\" content=\"2025-05-20T12:54:20+00:00\" \/>\n<meta name=\"twitter:card\" content=\"summary_large_image\" \/>\n<meta name=\"twitter:label1\" content=\"Gesch\u00e4tzte Lesezeit\" \/>\n\t<meta name=\"twitter:data1\" content=\"7\u00a0Minuten\" \/>\n<script type=\"application\/ld+json\" class=\"yoast-schema-graph\">{\"@context\":\"https:\/\/schema.org\",\"@graph\":[{\"@type\":\"WebPage\",\"@id\":\"https:\/\/campingtauro.com\/aviso-legal\/\",\"url\":\"https:\/\/campingtauro.com\/aviso-legal\/\",\"name\":\"Aviso Legal - Camping Tauro\",\"isPartOf\":{\"@id\":\"https:\/\/campingtauro.com\/#website\"},\"datePublished\":\"2024-06-26T16:00:32+00:00\",\"dateModified\":\"2025-05-20T12:54:20+00:00\",\"breadcrumb\":{\"@id\":\"https:\/\/campingtauro.com\/aviso-legal\/#breadcrumb\"},\"inLanguage\":\"de\",\"potentialAction\":[{\"@type\":\"ReadAction\",\"target\":[\"https:\/\/campingtauro.com\/aviso-legal\/\"]}]},{\"@type\":\"BreadcrumbList\",\"@id\":\"https:\/\/campingtauro.com\/aviso-legal\/#breadcrumb\",\"itemListElement\":[{\"@type\":\"ListItem\",\"position\":1,\"name\":\"Portada\",\"item\":\"https:\/\/campingtauro.com\/de\/start\/\"},{\"@type\":\"ListItem\",\"position\":2,\"name\":\"Aviso Legal\"}]},{\"@type\":\"WebSite\",\"@id\":\"https:\/\/campingtauro.com\/#website\",\"url\":\"https:\/\/campingtauro.com\/\",\"name\":\"Camping Tauro\",\"description\":\"Alquiler de parcelas y bungalows en Benic\u00e0ssim\",\"publisher\":{\"@id\":\"https:\/\/campingtauro.com\/#organization\"},\"potentialAction\":[{\"@type\":\"SearchAction\",\"target\":{\"@type\":\"EntryPoint\",\"urlTemplate\":\"https:\/\/campingtauro.com\/?s={search_term_string}\"},\"query-input\":\"required name=search_term_string\"}],\"inLanguage\":\"de\"},{\"@type\":\"Organization\",\"@id\":\"https:\/\/campingtauro.com\/#organization\",\"name\":\"Camping Tauro\",\"url\":\"https:\/\/campingtauro.com\/\",\"logo\":{\"@type\":\"ImageObject\",\"inLanguage\":\"de\",\"@id\":\"https:\/\/campingtauro.com\/#\/schema\/logo\/image\/\",\"url\":\"https:\/\/campingtauro.com\/wp-content\/uploads\/2024\/11\/cropped-Logo-camping-tauro.png\",\"contentUrl\":\"https:\/\/campingtauro.com\/wp-content\/uploads\/2024\/11\/cropped-Logo-camping-tauro.png\",\"width\":350,\"height\":101,\"caption\":\"Camping Tauro\"},\"image\":{\"@id\":\"https:\/\/campingtauro.com\/#\/schema\/logo\/image\/\"}}]}<\/script>\n<!-- \/ Yoast SEO plugin. -->","yoast_head_json":{"title":"Aviso Legal - Camping Tauro","robots":{"index":"index","follow":"follow","max-snippet":"max-snippet:-1","max-image-preview":"max-image-preview:large","max-video-preview":"max-video-preview:-1"},"canonical":"https:\/\/campingtauro.com\/aviso-legal\/","og_locale":"de_DE","og_type":"article","og_title":"Aviso Legal - Camping Tauro","og_description":"Rechtliche Hinweise Gem\u00e4\u00df Artikel 10 des Gesetzes 34\/2002 vom 11. Juli \u00fcber Dienste der Informationsgesellschaft und elektronischen Handel informieren wir [&hellip;]","og_url":"https:\/\/campingtauro.com\/aviso-legal\/","og_site_name":"Camping Tauro","article_modified_time":"2025-05-20T12:54:20+00:00","twitter_card":"summary_large_image","twitter_misc":{"Gesch\u00e4tzte Lesezeit":"7\u00a0Minuten"},"schema":{"@context":"https:\/\/schema.org","@graph":[{"@type":"WebPage","@id":"https:\/\/campingtauro.com\/aviso-legal\/","url":"https:\/\/campingtauro.com\/aviso-legal\/","name":"Aviso Legal - Camping Tauro","isPartOf":{"@id":"https:\/\/campingtauro.com\/#website"},"datePublished":"2024-06-26T16:00:32+00:00","dateModified":"2025-05-20T12:54:20+00:00","breadcrumb":{"@id":"https:\/\/campingtauro.com\/aviso-legal\/#breadcrumb"},"inLanguage":"de","potentialAction":[{"@type":"ReadAction","target":["https:\/\/campingtauro.com\/aviso-legal\/"]}]},{"@type":"BreadcrumbList","@id":"https:\/\/campingtauro.com\/aviso-legal\/#breadcrumb","itemListElement":[{"@type":"ListItem","position":1,"name":"Portada","item":"https:\/\/campingtauro.com\/de\/start\/"},{"@type":"ListItem","position":2,"name":"Aviso Legal"}]},{"@type":"WebSite","@id":"https:\/\/campingtauro.com\/#website","url":"https:\/\/campingtauro.com\/","name":"Camping Tauro","description":"Alquiler de parcelas y bungalows en Benic\u00e0ssim","publisher":{"@id":"https:\/\/campingtauro.com\/#organization"},"potentialAction":[{"@type":"SearchAction","target":{"@type":"EntryPoint","urlTemplate":"https:\/\/campingtauro.com\/?s={search_term_string}"},"query-input":"required name=search_term_string"}],"inLanguage":"de"},{"@type":"Organization","@id":"https:\/\/campingtauro.com\/#organization","name":"Camping Tauro","url":"https:\/\/campingtauro.com\/","logo":{"@type":"ImageObject","inLanguage":"de","@id":"https:\/\/campingtauro.com\/#\/schema\/logo\/image\/","url":"https:\/\/campingtauro.com\/wp-content\/uploads\/2024\/11\/cropped-Logo-camping-tauro.png","contentUrl":"https:\/\/campingtauro.com\/wp-content\/uploads\/2024\/11\/cropped-Logo-camping-tauro.png","width":350,"height":101,"caption":"Camping Tauro"},"image":{"@id":"https:\/\/campingtauro.com\/#\/schema\/logo\/image\/"}}]}},"_links":{"self":[{"href":"https:\/\/campingtauro.com\/de\/wp-json\/wp\/v2\/pages\/2260"}],"collection":[{"href":"https:\/\/campingtauro.com\/de\/wp-json\/wp\/v2\/pages"}],"about":[{"href":"https:\/\/campingtauro.com\/de\/wp-json\/wp\/v2\/types\/page"}],"author":[{"embeddable":true,"href":"https:\/\/campingtauro.com\/de\/wp-json\/wp\/v2\/users\/1"}],"replies":[{"embeddable":true,"href":"https:\/\/campingtauro.com\/de\/wp-json\/wp\/v2\/comments?post=2260"}],"version-history":[{"count":6,"href":"https:\/\/campingtauro.com\/de\/wp-json\/wp\/v2\/pages\/2260\/revisions"}],"predecessor-version":[{"id":2282,"href":"https:\/\/campingtauro.com\/de\/wp-json\/wp\/v2\/pages\/2260\/revisions\/2282"}],"wp:attachment":[{"href":"https:\/\/campingtauro.com\/de\/wp-json\/wp\/v2\/media?parent=2260"}],"curies":[{"name":"wp","href":"https:\/\/api.w.org\/{rel}","templated":true}]}}